{"id":8717,"date":"2020-12-01T18:33:01","date_gmt":"2020-12-01T18:33:01","guid":{"rendered":"https:\/\/malagagourmet.net\/tienda\/unkategorisiert\/rotwein-andresito-crianza-2017\/"},"modified":"2021-08-16T10:29:55","modified_gmt":"2021-08-16T10:29:55","slug":"rotwein-andresito-crianza","status":"publish","type":"product","link":"https:\/\/malagagourmet.net\/de\/rotwein-andresito-crianza\/","title":{"rendered":"Rotwein Andresito (Crianza 2017)"},"content":{"rendered":"<p><span style=\"font-weight: 400;\">Der Rotwein Andresito Crianza aus den Weinbergen von Almargen, hergestellt von einem Familienweingut, ist eine Mischung der Sorten Cabernet Sauvignon und Merlot.<\/span><\/p>\n<p><span style=\"font-weight: 400;\">Es zeichnet sich durch sein Aroma aus, das reife rote Fr\u00fcchte mit w\u00fcrzigen Noten und pflanzlichen Noten vereint.<\/span><\/p>\n<p><span style=\"font-weight: 400;\">Es ist ein komplexer Wein, aber gleichzeitig ausgewogen und geschmeidig.<\/span><\/p>\n<h2><b>Unser Vorschlag<\/b><\/h2>\n<p><span style=\"font-weight: 400;\">Der Wein passt perfekt zu gegrilltem rotem Fleisch, gep\u00f6keltem und ger\u00f6stetem K\u00e4se.<br \/>\n<\/span><span style=\"font-weight: 400;\">Die ideale Serviertemperatur liegt zwischen 16 und 18 Grad.<\/span><\/p>\n<h2><strong>Inhalt<\/strong><\/h2>\n<p>750 ml<\/p>\n<h2><strong>Rebsorte <\/strong><mark>Rotwein Andresito Crianza<\/mark><\/h2>\n<p>Cabernet Sauvignon und Merlot.<\/p>\n<h2><strong>Alkoholgehalt<\/strong><\/h2>\n<p>14% Vol.<\/p>\n","protected":false},"excerpt":{"rendered":"<p>Der Rotwein Andresito Crianza aus den Weinbergen von Almargen, hergestellt von einem Familienweingut, ist eine Mischung der Sorten Cabernet Sauvignon und Merlot. Es zeichnet sich durch sein Aroma aus, das reife rote Fr\u00fcchte mit w\u00fcrzigen Noten und pflanzlichen Noten vereint. Es ist ein komplexer Wein, aber gleichzeitig ausgewogen und geschmeidig. Unser Vorschlag Der Wein passt [&hellip;]<\/p>\n","protected":false},"featured_media":8720,"comment_status":"closed","ping_status":"closed","template":"","meta":{"_acf_changed":false,"_et_pb_use_builder":"","_et_pb_old_content":"","_et_gb_content_width":""},"product_brand":[],"product_cat":[180,156],"product_tag":[],"class_list":{"0":"post-8717","1":"product","2":"type-product","3":"status-publish","4":"has-post-thumbnail","6":"product_cat-malaga-rotwein","7":"product_cat-weine-aus-malaga","9":"first","10":"instock","11":"taxable","12":"shipping-taxable","13":"purchasable","14":"product-type-variable"},"bundled_by":[],"bundle_stock_status":"instock","bundle_stock_quantity":5,"bundle_virtual":false,"bundle_layout":"","bundle_add_to_cart_form_location":"","bundle_editable_in_cart":false,"bundle_sold_individually_context":"","bundle_item_grouping":"","bundle_min_size":"","bundle_max_size":"","bundled_items":[],"bundle_sell_ids":[],"acf":[],"_links":{"self":[{"href":"https:\/\/malagagourmet.net\/de\/wp-json\/wp\/v2\/product\/8717","targetHints":{"allow":["GET"]}}],"collection":[{"href":"https:\/\/malagagourmet.net\/de\/wp-json\/wp\/v2\/product"}],"about":[{"href":"https:\/\/malagagourmet.net\/de\/wp-json\/wp\/v2\/types\/product"}],"replies":[{"embeddable":true,"href":"https:\/\/malagagourmet.net\/de\/wp-json\/wp\/v2\/comments?post=8717"}],"wp:featuredmedia":[{"embeddable":true,"href":"https:\/\/malagagourmet.net\/de\/wp-json\/wp\/v2\/media\/8720"}],"wp:attachment":[{"href":"https:\/\/malagagourmet.net\/de\/wp-json\/wp\/v2\/media?parent=8717"}],"wp:term":[{"taxonomy":"product_brand","embeddable":true,"href":"https:\/\/malagagourmet.net\/de\/wp-json\/wp\/v2\/product_brand?post=8717"},{"taxonomy":"product_cat","embeddable":true,"href":"https:\/\/malagagourmet.net\/de\/wp-json\/wp\/v2\/product_cat?post=8717"},{"taxonomy":"product_tag","embeddable":true,"href":"https:\/\/malagagourmet.net\/de\/wp-json\/wp\/v2\/product_tag?post=8717"}],"curies":[{"name":"wp","href":"https:\/\/api.w.org\/{rel}","templated":true}]}}