{"id":8811,"date":"2020-12-02T08:15:59","date_gmt":"2020-12-02T08:15:59","guid":{"rendered":"https:\/\/malagagourmet.net\/tienda\/unkategorisiert\/jahrgangswein-andresito\/"},"modified":"2021-08-14T18:55:05","modified_gmt":"2021-08-14T18:55:05","slug":"jahrgangswein-andresito","status":"publish","type":"product","link":"https:\/\/malagagourmet.net\/de\/jahrgangswein-andresito\/","title":{"rendered":"Jahrgangswein Andresito"},"content":{"rendered":"<p><span style=\"font-weight: 400;\">Junger, trockener Rotwein der Sorten Cabernet Sauvignon und Merlot, aus Almargen, n\u00f6rdlich von Malaga. Er hat eine lila und burgunder Farbe, ist klar und hell. Sein Aroma von reifen roten Fr\u00fcchten mit Noten von Kr\u00e4utern und sein sanfter Einstieg mit leicht bitterem Nachgeschmack machen diesen Wein zu einem ausgewogenen und angenehmen Wein.\u00a0<\/span><\/p>\n<h2><b>Unser Vorschlag<\/b><\/h2>\n<p><span style=\"font-weight: 400;\">Ideal zur Vorspeise und mit leicht gew\u00fcrztem Fleisch. <\/span><span style=\"font-weight: 400;\">Am besten zwischen 15 und 18 Grad servieren.<\/span><\/p>\n<h2><strong>Inhalt<\/strong><\/h2>\n<p>750 ml<\/p>\n<h2><strong>Rebsorte Jahrgangswein Andresito<\/strong><\/h2>\n<p><span style=\"font-weight: 400;\">Cabernet Sauvignon und Merlot<\/span><\/p>\n<h2><strong>Alkoholgehalt<\/strong><\/h2>\n<p>14% Vol.<\/p>\n","protected":false},"excerpt":{"rendered":"<p>Junger, trockener Rotwein der Sorten Cabernet Sauvignon und Merlot, aus Almargen, n\u00f6rdlich von Malaga. Er hat eine lila und burgunder Farbe, ist klar und hell. Sein Aroma von reifen roten Fr\u00fcchten mit Noten von Kr\u00e4utern und sein sanfter Einstieg mit leicht bitterem Nachgeschmack machen diesen Wein zu einem ausgewogenen und angenehmen Wein.\u00a0 Unser Vorschlag Ideal [&hellip;]<\/p>\n","protected":false},"featured_media":8729,"comment_status":"closed","ping_status":"closed","template":"","meta":{"_acf_changed":false,"_et_pb_use_builder":"","_et_pb_old_content":"","_et_gb_content_width":""},"product_brand":[],"product_cat":[180,156],"product_tag":[],"class_list":{"0":"post-8811","1":"product","2":"type-product","3":"status-publish","4":"has-post-thumbnail","6":"product_cat-malaga-rotwein","7":"product_cat-weine-aus-malaga","9":"first","10":"instock","11":"taxable","12":"shipping-taxable","13":"purchasable","14":"product-type-variable"},"bundled_by":[],"bundle_stock_status":"instock","bundle_stock_quantity":6,"bundle_virtual":false,"bundle_layout":"","bundle_add_to_cart_form_location":"","bundle_editable_in_cart":false,"bundle_sold_individually_context":"","bundle_item_grouping":"","bundle_min_size":"","bundle_max_size":"","bundled_items":[],"bundle_sell_ids":[],"acf":[],"_links":{"self":[{"href":"https:\/\/malagagourmet.net\/de\/wp-json\/wp\/v2\/product\/8811","targetHints":{"allow":["GET"]}}],"collection":[{"href":"https:\/\/malagagourmet.net\/de\/wp-json\/wp\/v2\/product"}],"about":[{"href":"https:\/\/malagagourmet.net\/de\/wp-json\/wp\/v2\/types\/product"}],"replies":[{"embeddable":true,"href":"https:\/\/malagagourmet.net\/de\/wp-json\/wp\/v2\/comments?post=8811"}],"wp:featuredmedia":[{"embeddable":true,"href":"https:\/\/malagagourmet.net\/de\/wp-json\/wp\/v2\/media\/8729"}],"wp:attachment":[{"href":"https:\/\/malagagourmet.net\/de\/wp-json\/wp\/v2\/media?parent=8811"}],"wp:term":[{"taxonomy":"product_brand","embeddable":true,"href":"https:\/\/malagagourmet.net\/de\/wp-json\/wp\/v2\/product_brand?post=8811"},{"taxonomy":"product_cat","embeddable":true,"href":"https:\/\/malagagourmet.net\/de\/wp-json\/wp\/v2\/product_cat?post=8811"},{"taxonomy":"product_tag","embeddable":true,"href":"https:\/\/malagagourmet.net\/de\/wp-json\/wp\/v2\/product_tag?post=8811"}],"curies":[{"name":"wp","href":"https:\/\/api.w.org\/{rel}","templated":true}]}}