{"id":8845,"date":"2020-12-02T09:38:33","date_gmt":"2020-12-02T09:38:33","guid":{"rendered":"https:\/\/malagagourmet.net\/tienda\/unkategorisiert\/masai-cremelikor\/"},"modified":"2021-06-16T09:46:01","modified_gmt":"2021-06-16T09:46:01","slug":"andalusische-cremelikor","status":"publish","type":"product","link":"https:\/\/malagagourmet.net\/de\/andalusische-cremelikor\/","title":{"rendered":"Masai andalusische Cremelik\u00f6r"},"content":{"rendered":"<p><span style=\"font-weight: 400;\">Von cremiger Textur, milchiger F\u00e4rbung und einem sanft-s\u00fc\u00dfen Geschmack.<br \/>\n<\/span><span style=\"font-weight: 400;\">Dieser andalusische Cremelik\u00f6r passt perfekt zu jeder Feier.<br \/>\n<\/span><span style=\"font-weight: 400;\">Oder als Alternative zur Milch im Kaffee.<\/span><\/p>\n<h2><strong>Inhalt<\/strong><\/h2>\n<p>70 cl<\/p>\n<h2><strong>Alkoholgehalt<\/strong><\/h2>\n<p>15% Vol.<\/p>\n","protected":false},"excerpt":{"rendered":"<p>Von cremiger Textur, milchiger F\u00e4rbung und einem sanft-s\u00fc\u00dfen Geschmack. Dieser andalusische Cremelik\u00f6r passt perfekt zu jeder Feier. Oder als Alternative zur Milch im Kaffee. Inhalt 70 cl Alkoholgehalt 15% Vol.<\/p>\n","protected":false},"featured_media":8749,"comment_status":"closed","ping_status":"closed","template":"","meta":{"_acf_changed":false,"_et_pb_use_builder":"","_et_pb_old_content":"","_et_gb_content_width":""},"product_brand":[],"product_cat":[105],"product_tag":[],"class_list":{"0":"post-8845","1":"product","2":"type-product","3":"status-publish","4":"has-post-thumbnail","6":"product_cat-andalusische-likore","8":"first","9":"instock","10":"taxable","11":"shipping-taxable","12":"purchasable","13":"product-type-simple"},"bundled_by":[],"bundle_stock_status":"instock","bundle_stock_quantity":1,"bundle_virtual":false,"bundle_layout":"","bundle_add_to_cart_form_location":"","bundle_editable_in_cart":false,"bundle_sold_individually_context":"","bundle_item_grouping":"","bundle_min_size":"","bundle_max_size":"","bundled_items":[],"bundle_sell_ids":[],"acf":[],"_links":{"self":[{"href":"https:\/\/malagagourmet.net\/de\/wp-json\/wp\/v2\/product\/8845","targetHints":{"allow":["GET"]}}],"collection":[{"href":"https:\/\/malagagourmet.net\/de\/wp-json\/wp\/v2\/product"}],"about":[{"href":"https:\/\/malagagourmet.net\/de\/wp-json\/wp\/v2\/types\/product"}],"replies":[{"embeddable":true,"href":"https:\/\/malagagourmet.net\/de\/wp-json\/wp\/v2\/comments?post=8845"}],"wp:featuredmedia":[{"embeddable":true,"href":"https:\/\/malagagourmet.net\/de\/wp-json\/wp\/v2\/media\/8749"}],"wp:attachment":[{"href":"https:\/\/malagagourmet.net\/de\/wp-json\/wp\/v2\/media?parent=8845"}],"wp:term":[{"taxonomy":"product_brand","embeddable":true,"href":"https:\/\/malagagourmet.net\/de\/wp-json\/wp\/v2\/product_brand?post=8845"},{"taxonomy":"product_cat","embeddable":true,"href":"https:\/\/malagagourmet.net\/de\/wp-json\/wp\/v2\/product_cat?post=8845"},{"taxonomy":"product_tag","embeddable":true,"href":"https:\/\/malagagourmet.net\/de\/wp-json\/wp\/v2\/product_tag?post=8845"}],"curies":[{"name":"wp","href":"https:\/\/api.w.org\/{rel}","templated":true}]}}