{"id":8848,"date":"2020-12-04T08:32:04","date_gmt":"2020-12-04T08:32:04","guid":{"rendered":"https:\/\/malagagourmet.net\/tienda\/unkategorisiert\/mango-nougat\/"},"modified":"2020-12-06T11:20:02","modified_gmt":"2020-12-06T11:20:02","slug":"mango-nougat","status":"publish","type":"product","link":"https:\/\/malagagourmet.net\/de\/mango-nougat\/","title":{"rendered":"Mango-Nougat"},"content":{"rendered":"<p>Ein zu 100% von Hand hergestelltes Nougat mit den besten und sorgf\u00e4ltig ausgew\u00e4hlten Mangos der Axarquia Region. Hauptzutaten sind dunkle Schokolade, Mangos sowie Mandel-Praline.<\/p>\n<p>Die totale Geschmacksexplosion.<\/p>\n<h2><strong>Inhalt<\/strong><\/h2>\n<p>200 g<\/p>\n<h2><strong>Zutaten<\/strong><\/h2>\n<p>Mandel-Praline (Schlaenfrucht, Mandel), wei\u00dfe Schokolade (Soja, Milch), Kakaobutter, Mangop\u00fcree, Zucker, Milchschokolade (Soja, Milch), dunkle Schokolade (Soja).<\/p>\n<h2><strong>N\u00e4hrwertinformation je 100g<\/strong><\/h2>\n<ul>\n<li>Brennwert 2099 Kj \/ 502 Kcal<\/li>\n<li>Fette 20,7 g, davon<\/li>\n<li>ges\u00e4ttigt 12,79 g<\/li>\n<li>Kohlenhydrate 57,8 g, davon<\/li>\n<li>Zucker 42,4 g<\/li>\n<li>Proteine 7,56 g<\/li>\n<li>Salz 0,065 g<\/li>\n<\/ul>\n","protected":false},"excerpt":{"rendered":"<p>Ein zu 100% von Hand hergestelltes Nougat mit den besten und sorgf\u00e4ltig ausgew\u00e4hlten Mangos der Axarquia Region. Hauptzutaten sind dunkle Schokolade, Mangos sowie Mandel-Praline. Die totale Geschmacksexplosion. Inhalt 200 g Zutaten Mandel-Praline (Schlaenfrucht, Mandel), wei\u00dfe Schokolade (Soja, Milch), Kakaobutter, Mangop\u00fcree, Zucker, Milchschokolade (Soja, Milch), dunkle Schokolade (Soja). N\u00e4hrwertinformation je 100g Brennwert 2099 Kj \/ 502 [&hellip;]<\/p>\n","protected":false},"featured_media":8767,"comment_status":"closed","ping_status":"closed","template":"","meta":{"_acf_changed":false,"_et_pb_use_builder":"","_et_pb_old_content":"","_et_gb_content_width":""},"product_brand":[],"product_cat":[76],"product_tag":[],"class_list":{"0":"post-8848","1":"product","2":"type-product","3":"status-publish","4":"has-post-thumbnail","6":"product_cat-sussigkeiten","8":"first","9":"instock","10":"taxable","11":"shipping-taxable","12":"purchasable","13":"product-type-simple"},"bundled_by":[],"bundle_stock_status":"instock","bundle_stock_quantity":1,"bundle_virtual":false,"bundle_layout":"","bundle_add_to_cart_form_location":"","bundle_editable_in_cart":false,"bundle_sold_individually_context":"","bundle_item_grouping":"","bundle_min_size":"","bundle_max_size":"","bundled_items":[],"bundle_sell_ids":[],"acf":[],"_links":{"self":[{"href":"https:\/\/malagagourmet.net\/de\/wp-json\/wp\/v2\/product\/8848","targetHints":{"allow":["GET"]}}],"collection":[{"href":"https:\/\/malagagourmet.net\/de\/wp-json\/wp\/v2\/product"}],"about":[{"href":"https:\/\/malagagourmet.net\/de\/wp-json\/wp\/v2\/types\/product"}],"replies":[{"embeddable":true,"href":"https:\/\/malagagourmet.net\/de\/wp-json\/wp\/v2\/comments?post=8848"}],"wp:featuredmedia":[{"embeddable":true,"href":"https:\/\/malagagourmet.net\/de\/wp-json\/wp\/v2\/media\/8767"}],"wp:attachment":[{"href":"https:\/\/malagagourmet.net\/de\/wp-json\/wp\/v2\/media?parent=8848"}],"wp:term":[{"taxonomy":"product_brand","embeddable":true,"href":"https:\/\/malagagourmet.net\/de\/wp-json\/wp\/v2\/product_brand?post=8848"},{"taxonomy":"product_cat","embeddable":true,"href":"https:\/\/malagagourmet.net\/de\/wp-json\/wp\/v2\/product_cat?post=8848"},{"taxonomy":"product_tag","embeddable":true,"href":"https:\/\/malagagourmet.net\/de\/wp-json\/wp\/v2\/product_tag?post=8848"}],"curies":[{"name":"wp","href":"https:\/\/api.w.org\/{rel}","templated":true}]}}