{"id":8855,"date":"2020-12-05T12:35:41","date_gmt":"2020-12-05T12:35:41","guid":{"rendered":"https:\/\/malagagourmet.net\/tienda\/unkategorisiert\/nougatbarren-aus-gianduja-pinienkernen-und-gesalzenen-karamell\/"},"modified":"2020-12-05T12:35:41","modified_gmt":"2020-12-05T12:35:41","slug":"nougatbarren-aus-gianduja-pinienkernen-und-gesalzenen-karamell","status":"publish","type":"product","link":"https:\/\/malagagourmet.net\/de\/nougatbarren-aus-gianduja-pinienkernen-und-gesalzenen-karamell\/","title":{"rendered":"Nougatbarren aus Gianduja, Pinienkernen und gesalzenen Karamell"},"content":{"rendered":"<p>Exquisiter Nougatbarren aus Gianduja und Pinienkernen (Schokoladencreme mit Milch und ger\u00f6steten Pinienkernen) mit gesalzenem Karamell und \u00fcberzogen mit feinster Milchschokolade.<\/p>\n<p>100% nat\u00fcrliches Produkt, ohne Konservierungs- und Farbstoffe.<\/p>\n<h2><strong>Inhalt<\/strong><\/h2>\n<p>230 g<\/p>\n<h2><strong>Zutaten<\/strong><\/h2>\n<p>Wei\u00dfe Schokolade, Zucker, Milchschokolade, Pionienkerne, Sahne, Butter, Gelatine, Salz. Enth\u00e4lt Soja, Milch und N\u00fcsse.<\/p>\n<h2><strong>N\u00e4hrwertinformation je 100 g<\/strong><\/h2>\n<ul>\n<li>Brennwert 2293 Kj \/ 550 Kcal<\/li>\n<li>Fette 35,3 g, davon<\/li>\n<li>ges\u00e4ttigt 18,35 g<\/li>\n<li>Kohlenhydrate 48,8 g, davon<\/li>\n<li>Zucker 32,1 g<\/li>\n<li>Proteine 9,23 g<\/li>\n<li>Salz 0,21 g<\/li>\n<\/ul>\n","protected":false},"excerpt":{"rendered":"<p>Exquisiter Nougatbarren aus Gianduja und Pinienkernen (Schokoladencreme mit Milch und ger\u00f6steten Pinienkernen) mit gesalzenem Karamell und \u00fcberzogen mit feinster Milchschokolade. 100% nat\u00fcrliches Produkt, ohne Konservierungs- und Farbstoffe. Inhalt 230 g Zutaten Wei\u00dfe Schokolade, Zucker, Milchschokolade, Pionienkerne, Sahne, Butter, Gelatine, Salz. Enth\u00e4lt Soja, Milch und N\u00fcsse. N\u00e4hrwertinformation je 100 g Brennwert 2293 Kj \/ 550 Kcal [&hellip;]<\/p>\n","protected":false},"featured_media":8833,"comment_status":"closed","ping_status":"closed","template":"","meta":{"_acf_changed":false,"_et_pb_use_builder":"","_et_pb_old_content":"","_et_gb_content_width":""},"product_brand":[],"product_cat":[76],"product_tag":[],"class_list":{"0":"post-8855","1":"product","2":"type-product","3":"status-publish","4":"has-post-thumbnail","6":"product_cat-sussigkeiten","8":"first","9":"instock","10":"taxable","11":"shipping-taxable","12":"purchasable","13":"product-type-simple"},"bundled_by":[],"bundle_stock_status":"instock","bundle_stock_quantity":1,"bundle_virtual":false,"bundle_layout":"","bundle_add_to_cart_form_location":"","bundle_editable_in_cart":false,"bundle_sold_individually_context":"","bundle_item_grouping":"","bundle_min_size":"","bundle_max_size":"","bundled_items":[],"bundle_sell_ids":[],"acf":[],"_links":{"self":[{"href":"https:\/\/malagagourmet.net\/de\/wp-json\/wp\/v2\/product\/8855","targetHints":{"allow":["GET"]}}],"collection":[{"href":"https:\/\/malagagourmet.net\/de\/wp-json\/wp\/v2\/product"}],"about":[{"href":"https:\/\/malagagourmet.net\/de\/wp-json\/wp\/v2\/types\/product"}],"replies":[{"embeddable":true,"href":"https:\/\/malagagourmet.net\/de\/wp-json\/wp\/v2\/comments?post=8855"}],"wp:featuredmedia":[{"embeddable":true,"href":"https:\/\/malagagourmet.net\/de\/wp-json\/wp\/v2\/media\/8833"}],"wp:attachment":[{"href":"https:\/\/malagagourmet.net\/de\/wp-json\/wp\/v2\/media?parent=8855"}],"wp:term":[{"taxonomy":"product_brand","embeddable":true,"href":"https:\/\/malagagourmet.net\/de\/wp-json\/wp\/v2\/product_brand?post=8855"},{"taxonomy":"product_cat","embeddable":true,"href":"https:\/\/malagagourmet.net\/de\/wp-json\/wp\/v2\/product_cat?post=8855"},{"taxonomy":"product_tag","embeddable":true,"href":"https:\/\/malagagourmet.net\/de\/wp-json\/wp\/v2\/product_tag?post=8855"}],"curies":[{"name":"wp","href":"https:\/\/api.w.org\/{rel}","templated":true}]}}