{"id":8939,"date":"2020-12-16T12:50:54","date_gmt":"2020-12-16T12:50:54","guid":{"rendered":"https:\/\/malagagourmet.net\/tienda\/unkategorisiert\/rum-anejo-uribe\/"},"modified":"2021-06-16T09:40:59","modified_gmt":"2021-06-16T09:40:59","slug":"rum-anejo-uribe","status":"publish","type":"product","link":"https:\/\/malagagourmet.net\/de\/rum-anejo-uribe\/","title":{"rendered":"Rum A\u00f1ejo Uribe"},"content":{"rendered":"<p>Rum A\u00f1ejo (gereift) aus unserem Heimatort Torrox wird hergestellt aus Branntwein sowie nat\u00fcrlichen Alkoholen aus dem Destillationsprozess von Rohrzucker und reift anschlie\u00dfend in Eichenf\u00e4ssern. In der Farbe goldgelb, s\u00fc\u00dflich und mit noch mehr Geschmack wegen des hohen Glukoseanteils.<br \/>\nAufgrund der hohen Qualit\u00e4t empfiehlt sich der Genuss pur mit Eis.<\/p>\n<h2><strong>Inhalt Rum A\u00f1ejo Malaga<\/strong><\/h2>\n<p>70 cl<\/p>\n<h2><strong>Alkoholgehalt<\/strong><\/h2>\n<p>37,5% Vol.<\/p>\n","protected":false},"excerpt":{"rendered":"<p>Rum A\u00f1ejo (gereift) aus unserem Heimatort Torrox wird hergestellt aus Branntwein sowie nat\u00fcrlichen Alkoholen aus dem Destillationsprozess von Rohrzucker und reift anschlie\u00dfend in Eichenf\u00e4ssern. In der Farbe goldgelb, s\u00fc\u00dflich und mit noch mehr Geschmack wegen des hohen Glukoseanteils. Aufgrund der hohen Qualit\u00e4t empfiehlt sich der Genuss pur mit Eis. Inhalt Rum A\u00f1ejo Malaga 70 cl [&hellip;]<\/p>\n","protected":false},"featured_media":8915,"comment_status":"closed","ping_status":"closed","template":"","meta":{"_acf_changed":false,"_et_pb_use_builder":"","_et_pb_old_content":"","_et_gb_content_width":""},"product_brand":[],"product_cat":[105],"product_tag":[],"class_list":{"0":"post-8939","1":"product","2":"type-product","3":"status-publish","4":"has-post-thumbnail","6":"product_cat-andalusische-likore","8":"first","9":"instock","10":"taxable","11":"shipping-taxable","12":"purchasable","13":"product-type-simple"},"bundled_by":[],"bundle_stock_status":"instock","bundle_stock_quantity":null,"bundle_virtual":false,"bundle_layout":"","bundle_add_to_cart_form_location":"","bundle_editable_in_cart":false,"bundle_sold_individually_context":"","bundle_item_grouping":"","bundle_min_size":"","bundle_max_size":"","bundled_items":[],"bundle_sell_ids":[],"acf":[],"_links":{"self":[{"href":"https:\/\/malagagourmet.net\/de\/wp-json\/wp\/v2\/product\/8939","targetHints":{"allow":["GET"]}}],"collection":[{"href":"https:\/\/malagagourmet.net\/de\/wp-json\/wp\/v2\/product"}],"about":[{"href":"https:\/\/malagagourmet.net\/de\/wp-json\/wp\/v2\/types\/product"}],"replies":[{"embeddable":true,"href":"https:\/\/malagagourmet.net\/de\/wp-json\/wp\/v2\/comments?post=8939"}],"wp:featuredmedia":[{"embeddable":true,"href":"https:\/\/malagagourmet.net\/de\/wp-json\/wp\/v2\/media\/8915"}],"wp:attachment":[{"href":"https:\/\/malagagourmet.net\/de\/wp-json\/wp\/v2\/media?parent=8939"}],"wp:term":[{"taxonomy":"product_brand","embeddable":true,"href":"https:\/\/malagagourmet.net\/de\/wp-json\/wp\/v2\/product_brand?post=8939"},{"taxonomy":"product_cat","embeddable":true,"href":"https:\/\/malagagourmet.net\/de\/wp-json\/wp\/v2\/product_cat?post=8939"},{"taxonomy":"product_tag","embeddable":true,"href":"https:\/\/malagagourmet.net\/de\/wp-json\/wp\/v2\/product_tag?post=8939"}],"curies":[{"name":"wp","href":"https:\/\/api.w.org\/{rel}","templated":true}]}}