{"id":10807,"date":"2021-03-18T16:12:00","date_gmt":"2021-03-18T16:12:00","guid":{"rendered":"https:\/\/malagagourmet.net\/tienda\/uncategorized\/cured-goat-cheese-pate-with-paprika\/"},"modified":"2021-06-08T08:27:04","modified_gmt":"2021-06-08T08:27:04","slug":"cured-goat-cheese-pate-with-paprika","status":"publish","type":"product","link":"https:\/\/malagagourmet.net\/en\/cured-goat-cheese-pate-with-paprika\/","title":{"rendered":"Cured goat cheese p\u00e2t\u00e9 with paprika"},"content":{"rendered":"<p>The cured goat cheese p\u00e2t\u00e9 with paprika is made with cheese from Malaga goat\u2019s milk. Together with the olive oil, garlic and paprika it creates an exquisite and innovative p\u00e2t\u00e9, with a smooth texture and an incredible flavour &#8211; the perfect appetizer for cheese lovers!<\/p>\n<h2>Suggestions<\/h2>\n<p>It is perfect as a starter, to be spread on thin toasts and eaten with a cold beer or a good red wine.<\/p>\n<h2>Size<\/h2>\n<p>100 g<\/p>\n<h2>Ingredients of cured goat cheese p\u00e2t\u00e9<\/h2>\n<p>Cured goat cheese, olive oil (alore\u00f1a variety), black pepper, garlic and paprika.<\/p>\n<h2>Nutrition Facts per 100 g<\/h2>\n<ul>\n<li style=\"list-style-type: none;\">\n<ul>\n<li>Energy 302 Kcal<\/li>\n<li>Fat 32.34 of which saturated 22.03 g<\/li>\n<li>Carbohydrates 2.63 g of which sugars 0.25 g<\/li>\n<li>Protein 25 g<\/li>\n<li>Salt 1.28 g<\/li>\n<\/ul>\n<\/li>\n<\/ul>\n<p>&nbsp;<\/p>\n","protected":false},"excerpt":{"rendered":"<p>The cured goat cheese p\u00e2t\u00e9 with paprika is made with cheese from Malaga goat\u2019s milk. Together with the olive oil, garlic and paprika it creates an exquisite and innovative p\u00e2t\u00e9, with a smooth texture and an incredible flavour &#8211; the perfect appetizer for cheese lovers! Suggestions It is perfect as a starter, to be spread [&hellip;]<\/p>\n","protected":false},"featured_media":11027,"comment_status":"closed","ping_status":"closed","template":"","meta":{"_acf_changed":false,"_et_pb_use_builder":"","_et_pb_old_content":"","_et_gb_content_width":""},"product_brand":[],"product_cat":[131],"product_tag":[],"class_list":{"0":"post-10807","1":"product","2":"type-product","3":"status-publish","4":"has-post-thumbnail","6":"product_cat-cheese","8":"first","9":"instock","10":"taxable","11":"shipping-taxable","12":"purchasable","13":"product-type-simple"},"bundled_by":[],"bundle_stock_status":"instock","bundle_stock_quantity":0,"bundle_virtual":false,"bundle_layout":"","bundle_add_to_cart_form_location":"","bundle_editable_in_cart":false,"bundle_sold_individually_context":"","bundle_item_grouping":"","bundle_min_size":"","bundle_max_size":"","bundled_items":[],"bundle_sell_ids":[],"acf":[],"_links":{"self":[{"href":"https:\/\/malagagourmet.net\/en\/wp-json\/wp\/v2\/product\/10807","targetHints":{"allow":["GET"]}}],"collection":[{"href":"https:\/\/malagagourmet.net\/en\/wp-json\/wp\/v2\/product"}],"about":[{"href":"https:\/\/malagagourmet.net\/en\/wp-json\/wp\/v2\/types\/product"}],"replies":[{"embeddable":true,"href":"https:\/\/malagagourmet.net\/en\/wp-json\/wp\/v2\/comments?post=10807"}],"wp:featuredmedia":[{"embeddable":true,"href":"https:\/\/malagagourmet.net\/en\/wp-json\/wp\/v2\/media\/11027"}],"wp:attachment":[{"href":"https:\/\/malagagourmet.net\/en\/wp-json\/wp\/v2\/media?parent=10807"}],"wp:term":[{"taxonomy":"product_brand","embeddable":true,"href":"https:\/\/malagagourmet.net\/en\/wp-json\/wp\/v2\/product_brand?post=10807"},{"taxonomy":"product_cat","embeddable":true,"href":"https:\/\/malagagourmet.net\/en\/wp-json\/wp\/v2\/product_cat?post=10807"},{"taxonomy":"product_tag","embeddable":true,"href":"https:\/\/malagagourmet.net\/en\/wp-json\/wp\/v2\/product_tag?post=10807"}],"curies":[{"name":"wp","href":"https:\/\/api.w.org\/{rel}","templated":true}]}}