{"id":13758,"date":"2021-07-16T16:59:03","date_gmt":"2021-07-16T16:59:03","guid":{"rendered":"https:\/\/malagagourmet.net\/syrah-cabernet-sauvignon-2018\/"},"modified":"2022-03-13T10:27:29","modified_gmt":"2022-03-13T10:27:29","slug":"syrah-cabernet-sauvignon-2018","status":"publish","type":"product","link":"https:\/\/malagagourmet.net\/en\/syrah-cabernet-sauvignon-2018\/","title":{"rendered":"Syrah &#8211; Cabernet Sauvignon 2018"},"content":{"rendered":"<p>This unique crianza red wine is a coupage of the Syrah and Cabernet Sauvignon varieties produced in Ronda and with the Malaga and Sierras de Malaga Designation of Origin (Denominaci\u00f3n de Origen M\u00e1laga y Sierras de M\u00e1laga).<\/p>\n<p>It has an intense ruby red colour with violet reflections. It is a very powerful wine with a complex aroma dominated by fruity aromas and followed by toasted and spicy notes and cocoa. It is very pleasant, fresh and mineral.<\/p>\n<p>Aged for 10 months in oak barrels.<\/p>\n<h2><strong>Suggestions<\/strong><\/h2>\n<p>Pefect with red meats, oily fish and vegetarian meals.<\/p>\n<h2><strong>Size<\/strong><\/h2>\n<p>75 cl<\/p>\n<h2><strong>Variety<\/strong><\/h2>\n<p>60% Syrah and 40% Cabernet Sauvignon<\/p>\n<h2><strong>Alcohol level<\/strong><\/h2>\n<p>14.5% Vol.<\/p>\n","protected":false},"excerpt":{"rendered":"<p>This unique crianza red wine is a coupage of the Syrah and Cabernet Sauvignon varieties produced in Ronda and with the Malaga and Sierras de Malaga Designation of Origin (Denominaci\u00f3n de Origen M\u00e1laga y Sierras de M\u00e1laga). It has an intense ruby red colour with violet reflections. It is a very powerful wine with a [&hellip;]<\/p>\n","protected":false},"featured_media":13626,"comment_status":"closed","ping_status":"closed","template":"","meta":{"_acf_changed":false,"_et_pb_use_builder":"","_et_pb_old_content":"","_et_gb_content_width":""},"product_brand":[],"product_cat":[155,185],"product_tag":[],"class_list":{"0":"post-13758","1":"product","2":"type-product","3":"status-publish","4":"has-post-thumbnail","6":"product_cat-malaga-wine","7":"product_cat-malaga-red-wine","9":"first","10":"instock","11":"taxable","12":"shipping-taxable","13":"purchasable","14":"product-type-variable"},"bundled_by":[],"bundle_stock_status":"instock","bundle_stock_quantity":1,"bundle_virtual":false,"bundle_layout":"","bundle_add_to_cart_form_location":"","bundle_editable_in_cart":false,"bundle_sold_individually_context":"","bundle_item_grouping":"","bundle_min_size":"","bundle_max_size":"","bundled_items":[],"bundle_sell_ids":[],"acf":[],"_links":{"self":[{"href":"https:\/\/malagagourmet.net\/en\/wp-json\/wp\/v2\/product\/13758","targetHints":{"allow":["GET"]}}],"collection":[{"href":"https:\/\/malagagourmet.net\/en\/wp-json\/wp\/v2\/product"}],"about":[{"href":"https:\/\/malagagourmet.net\/en\/wp-json\/wp\/v2\/types\/product"}],"replies":[{"embeddable":true,"href":"https:\/\/malagagourmet.net\/en\/wp-json\/wp\/v2\/comments?post=13758"}],"wp:featuredmedia":[{"embeddable":true,"href":"https:\/\/malagagourmet.net\/en\/wp-json\/wp\/v2\/media\/13626"}],"wp:attachment":[{"href":"https:\/\/malagagourmet.net\/en\/wp-json\/wp\/v2\/media?parent=13758"}],"wp:term":[{"taxonomy":"product_brand","embeddable":true,"href":"https:\/\/malagagourmet.net\/en\/wp-json\/wp\/v2\/product_brand?post=13758"},{"taxonomy":"product_cat","embeddable":true,"href":"https:\/\/malagagourmet.net\/en\/wp-json\/wp\/v2\/product_cat?post=13758"},{"taxonomy":"product_tag","embeddable":true,"href":"https:\/\/malagagourmet.net\/en\/wp-json\/wp\/v2\/product_tag?post=13758"}],"curies":[{"name":"wp","href":"https:\/\/api.w.org\/{rel}","templated":true}]}}