{"id":16784,"date":"2022-01-10T11:30:49","date_gmt":"2023-10-06T21:04:43","guid":{"rendered":"https:\/\/malagagourmet.net\/?post_type=product&#038;p=16784"},"modified":"2023-10-06T23:09:08","modified_gmt":"2023-10-06T21:09:08","slug":"special-valentines-day-dinner-for-2-people","status":"publish","type":"product","link":"https:\/\/malagagourmet.net\/en\/special-valentines-day-dinner-for-2-people\/","title":{"rendered":"Special Valentine&#8217;s Day dinner for 2 people"},"content":{"rendered":"<h2>Dinners to surprise your partner<\/h2>\n<p>This pack includes:<\/p>\n<ul>\n<li>Botani Muscat \u2013 Semi-sweet sparkling wine<\/li>\n<li>Semi-cured\/semi-cured cheese with thyme (450 g)<\/li>\n<li>Fig jam with dates<\/li>\n<li>Scold bag<\/li>\n<li>2x champagne glasses<\/li>\n<li>Card with dedication<\/li>\n<\/ul>\n<p>*When you buy this gift pack you do NOT need to click on \u201cI want it as a gift\u201d. All gift packs are already specially packaged and include a free dedication card. To write your dedication, use the \u201cNotes\u201d text box that appears in the checkout process.<\/p>\n","protected":false},"excerpt":{"rendered":"<h2>Special Valentine&#8217;s Pack<\/h2>\n<p>We know that love must be shown throughout the year, but it is also true that a detail on Valentine&#8217;s Day can brighten the day of that special person. You will surely be right with this little box of gourmet products that you can enjoy as a couple. Don&#8217;t give material things, give shared moments.<\/p>\n","protected":false},"featured_media":15350,"comment_status":"closed","ping_status":"closed","template":"","meta":{"_acf_changed":false,"_et_pb_use_builder":"","_et_pb_old_content":"","_et_gb_content_width":""},"product_brand":[],"product_cat":[87,212],"product_tag":[],"class_list":{"0":"post-16784","1":"product","2":"type-product","3":"status-publish","4":"has-post-thumbnail","6":"product_cat-gift-baskets","7":"product_cat-valentines-day","9":"first","10":"instock","11":"virtual","12":"taxable","13":"purchasable","14":"product-type-bundle"},"bundled_by":[],"bundle_stock_status":"instock","bundle_stock_quantity":1,"bundle_virtual":false,"bundle_layout":"default","bundle_add_to_cart_form_location":"default","bundle_editable_in_cart":false,"bundle_sold_individually_context":"product","bundle_item_grouping":"parent","bundle_min_size":"","bundle_max_size":"","bundled_items":[{"bundled_item_id":982,"product_id":7258,"menu_order":0,"quantity_min":1,"quantity_max":1,"quantity_default":1,"priced_individually":true,"shipped_individually":false,"override_title":false,"title":"Botani Muscat","override_description":false,"description":"Botani Muscat","optional":false,"hide_thumbnail":false,"discount":"","override_variations":true,"allowed_variations":[13658],"override_default_variation_attributes":true,"default_variation_attributes":[{"id":0,"name":"Elige una opci\u00f3n","option":"Single"}],"single_product_visibility":"hidden","cart_visibility":"hidden","order_visibility":"hidden","single_product_price_visibility":"visible","cart_price_visibility":"visible","order_price_visibility":"visible","stock_status":"in_stock"},{"bundled_item_id":983,"product_id":6155,"menu_order":1,"quantity_min":1,"quantity_max":1,"quantity_default":1,"priced_individually":true,"shipped_individually":false,"override_title":false,"title":"Figs jam with dates","override_description":false,"description":"Figs jam with dates","optional":false,"hide_thumbnail":false,"discount":"","override_variations":false,"allowed_variations":[""],"override_default_variation_attributes":false,"default_variation_attributes":[],"single_product_visibility":"hidden","cart_visibility":"hidden","order_visibility":"hidden","single_product_price_visibility":"visible","cart_price_visibility":"visible","order_price_visibility":"visible","stock_status":"in_stock"},{"bundled_item_id":984,"product_id":7716,"menu_order":2,"quantity_min":1,"quantity_max":1,"quantity_default":1,"priced_individually":true,"shipped_individually":false,"override_title":false,"title":"Rega\u00f1\u00e1s","override_description":false,"description":"Rega\u00f1\u00e1s","optional":false,"hide_thumbnail":false,"discount":"","override_variations":false,"allowed_variations":[""],"override_default_variation_attributes":false,"default_variation_attributes":[],"single_product_visibility":"hidden","cart_visibility":"hidden","order_visibility":"hidden","single_product_price_visibility":"visible","cart_price_visibility":"visible","order_price_visibility":"visible","stock_status":"in_stock"},{"bundled_item_id":985,"product_id":12052,"menu_order":3,"quantity_min":1,"quantity_max":1,"quantity_default":1,"priced_individually":true,"shipped_individually":false,"override_title":false,"title":"IN_Embalaje para regalo","override_description":false,"description":"IN_Embalaje para regalo","optional":false,"hide_thumbnail":false,"discount":"","override_variations":false,"allowed_variations":[""],"override_default_variation_attributes":false,"default_variation_attributes":[],"single_product_visibility":"hidden","cart_visibility":"hidden","order_visibility":"hidden","single_product_price_visibility":"visible","cart_price_visibility":"visible","order_price_visibility":"visible","stock_status":"in_stock"},{"bundled_item_id":986,"product_id":7783,"menu_order":4,"quantity_min":1,"quantity_max":1,"quantity_default":1,"priced_individually":true,"shipped_individually":false,"override_title":false,"title":"Semi-cured goat cheese wrapped in thyme","override_description":false,"description":"Semi-cured goat cheese wrapped in thyme","optional":true,"hide_thumbnail":false,"discount":"","override_variations":false,"allowed_variations":[""],"override_default_variation_attributes":false,"default_variation_attributes":[],"single_product_visibility":"hidden","cart_visibility":"hidden","order_visibility":"hidden","single_product_price_visibility":"visible","cart_price_visibility":"visible","order_price_visibility":"visible","stock_status":"in_stock"},{"bundled_item_id":987,"product_id":7789,"menu_order":5,"quantity_min":1,"quantity_max":1,"quantity_default":1,"priced_individually":true,"shipped_individually":false,"override_title":false,"title":"Semi-cured goat cheese","override_description":false,"description":"Semi-cured goat cheese","optional":true,"hide_thumbnail":false,"discount":"","override_variations":false,"allowed_variations":[""],"override_default_variation_attributes":false,"default_variation_attributes":[],"single_product_visibility":"hidden","cart_visibility":"hidden","order_visibility":"hidden","single_product_price_visibility":"visible","cart_price_visibility":"visible","order_price_visibility":"visible","stock_status":"in_stock"}],"bundle_sell_ids":[],"acf":[],"_links":{"self":[{"href":"https:\/\/malagagourmet.net\/en\/wp-json\/wp\/v2\/product\/16784","targetHints":{"allow":["GET"]}}],"collection":[{"href":"https:\/\/malagagourmet.net\/en\/wp-json\/wp\/v2\/product"}],"about":[{"href":"https:\/\/malagagourmet.net\/en\/wp-json\/wp\/v2\/types\/product"}],"replies":[{"embeddable":true,"href":"https:\/\/malagagourmet.net\/en\/wp-json\/wp\/v2\/comments?post=16784"}],"wp:featuredmedia":[{"embeddable":true,"href":"https:\/\/malagagourmet.net\/en\/wp-json\/wp\/v2\/media\/15350"}],"wp:attachment":[{"href":"https:\/\/malagagourmet.net\/en\/wp-json\/wp\/v2\/media?parent=16784"}],"wp:term":[{"taxonomy":"product_brand","embeddable":true,"href":"https:\/\/malagagourmet.net\/en\/wp-json\/wp\/v2\/product_brand?post=16784"},{"taxonomy":"product_cat","embeddable":true,"href":"https:\/\/malagagourmet.net\/en\/wp-json\/wp\/v2\/product_cat?post=16784"},{"taxonomy":"product_tag","embeddable":true,"href":"https:\/\/malagagourmet.net\/en\/wp-json\/wp\/v2\/product_tag?post=16784"}],"curies":[{"name":"wp","href":"https:\/\/api.w.org\/{rel}","templated":true}]}}