{"id":17179,"date":"2023-10-02T20:13:23","date_gmt":"2023-12-21T19:46:20","guid":{"rendered":"https:\/\/malagagourmet.net\/?post_type=product&#038;p=17179"},"modified":"2023-12-21T20:46:21","modified_gmt":"2023-12-21T19:46:21","slug":"goat-cheese-tasting","status":"publish","type":"product","link":"https:\/\/malagagourmet.net\/en\/goat-cheese-tasting\/","title":{"rendered":"Goat cheese tasting"},"content":{"rendered":"<h2><span style=\"vertical-align: inherit;\">What does it consist of?<\/span><\/h2>\n<p><span style=\"vertical-align: inherit;\">Are you a cheese lover but have never done a tasting? You&#8217;re going to love it! This goat cheese tasting from Malaga tests your senses. Color, smell and flavor will be the protagonists to live a fun gastronomic experience with friends.<\/span><\/p>\n<p><span style=\"vertical-align: inherit;\">This goat cheese tasting <\/span><strong><span style=\"vertical-align: inherit;\">contains<\/span><\/strong><span style=\"vertical-align: inherit;\"> :<\/span><\/p>\n<ul>\n<li><span style=\"vertical-align: inherit;\">4 wedges of different goat cheeses of approximately 300 gr.<\/span><\/li>\n<li><span style=\"vertical-align: inherit;\">2 mini bags mix peaks and scolds<\/span><\/li>\n<li><span style=\"vertical-align: inherit;\">Wooden board<\/span><\/li>\n<li><span style=\"vertical-align: inherit;\">Tasting guide<\/span><\/li>\n<li><span style=\"vertical-align: inherit;\">2 tokens to evaluate cheeses<\/span><\/li>\n<\/ul>\n<p><span style=\"vertical-align: inherit;\">Ideal tasting pack for two people.<\/span><\/p>\n<h2><span style=\"vertical-align: inherit;\">Products to taste<\/span><\/h2>\n<p><span style=\"vertical-align: inherit;\">4 wedges of goat cheese, approximately 300 g each:<\/span><\/p>\n<ol>\n<li><span style=\"vertical-align: inherit;\">Semi-cured with rosemary<\/span><\/li>\n<li><span style=\"vertical-align: inherit;\">Semi-cured with truffle<\/span><\/li>\n<li><span style=\"vertical-align: inherit;\">Raw milk curing<\/span><\/li>\n<li><span style=\"vertical-align: inherit;\">Old<\/span><\/li>\n<\/ol>\n<p><span style=\"vertical-align: inherit;\">All the cheeses are made by hand and with top quality goat&#8217;s milk, giving the cheeses a unique aroma and flavor. They are so natural that you will eat even the crust!<\/span><\/p>\n<h2><span style=\"vertical-align: inherit;\">What do you need for goat cheese tasting?<\/span><\/h2>\n<p><span style=\"vertical-align: inherit;\">Apart from the pack, you will need a pen and some water to clean your mouth between tasting the different cheeses.<\/span><\/p>\n","protected":false},"excerpt":{"rendered":"<p>What does it consist of? Are you a cheese lover but have never done a tasting? You&#8217;re going to love it! This goat cheese tasting from Malaga tests your senses. Color, smell and flavor will be the protagonists to live a fun gastronomic experience with friends. This goat cheese tasting contains : 4 wedges of [&hellip;]<\/p>\n","protected":false},"featured_media":14708,"comment_status":"closed","ping_status":"closed","template":"","meta":{"_acf_changed":false,"_et_pb_use_builder":"","_et_pb_old_content":"","_et_gb_content_width":""},"product_brand":[],"product_cat":[217,218],"product_tag":[],"class_list":{"0":"post-17179","1":"product","2":"type-product","3":"status-publish","4":"has-post-thumbnail","6":"product_cat-tasting","7":"product_cat-packs","9":"first","10":"instock","11":"taxable","12":"shipping-taxable","13":"purchasable","14":"product-type-bundle"},"bundled_by":[],"bundle_stock_status":"instock","bundle_stock_quantity":1,"bundle_virtual":false,"bundle_layout":"default","bundle_add_to_cart_form_location":"default","bundle_editable_in_cart":false,"bundle_sold_individually_context":"product","bundle_item_grouping":"parent","bundle_min_size":"","bundle_max_size":"","bundled_items":[{"bundled_item_id":997,"product_id":15434,"menu_order":0,"quantity_min":1,"quantity_max":1,"quantity_default":1,"priced_individually":true,"shipped_individually":false,"override_title":false,"title":"Wedge of cured raw milk goat cheese","override_description":false,"description":"Wedge of cured raw milk goat cheese","optional":false,"hide_thumbnail":false,"discount":"","override_variations":false,"allowed_variations":[""],"override_default_variation_attributes":false,"default_variation_attributes":[],"single_product_visibility":"visible","cart_visibility":"visible","order_visibility":"visible","single_product_price_visibility":"visible","cart_price_visibility":"visible","order_price_visibility":"visible","stock_status":"in_stock"},{"bundled_item_id":998,"product_id":10564,"menu_order":1,"quantity_min":1,"quantity_max":1,"quantity_default":1,"priced_individually":true,"shipped_individually":false,"override_title":false,"title":"Wedge of semi-cured goat cheese with rosemary","override_description":false,"description":"Wedge of semi-cured goat cheese with rosemary","optional":false,"hide_thumbnail":false,"discount":"","override_variations":true,"allowed_variations":[14561],"override_default_variation_attributes":true,"default_variation_attributes":[{"id":0,"name":"Formato","option":"350 gr. aprox."}],"single_product_visibility":"visible","cart_visibility":"visible","order_visibility":"visible","single_product_price_visibility":"visible","cart_price_visibility":"visible","order_price_visibility":"visible","stock_status":"in_stock"},{"bundled_item_id":999,"product_id":12001,"menu_order":2,"quantity_min":1,"quantity_max":1,"quantity_default":1,"priced_individually":true,"shipped_individually":false,"override_title":false,"title":"Wedge of semi-cured goat cheese with black truffle","override_description":false,"description":"Wedge of semi-cured goat cheese with black truffle","optional":false,"hide_thumbnail":false,"discount":"","override_variations":false,"allowed_variations":[""],"override_default_variation_attributes":false,"default_variation_attributes":[],"single_product_visibility":"visible","cart_visibility":"visible","order_visibility":"visible","single_product_price_visibility":"visible","cart_price_visibility":"visible","order_price_visibility":"visible","stock_status":"in_stock"},{"bundled_item_id":1000,"product_id":15437,"menu_order":3,"quantity_min":1,"quantity_max":1,"quantity_default":1,"priced_individually":true,"shipped_individually":false,"override_title":false,"title":"Wedge of aged goat cheese","override_description":false,"description":"Wedge of aged goat cheese","optional":false,"hide_thumbnail":false,"discount":"","override_variations":false,"allowed_variations":[""],"override_default_variation_attributes":false,"default_variation_attributes":[],"single_product_visibility":"visible","cart_visibility":"visible","order_visibility":"visible","single_product_price_visibility":"visible","cart_price_visibility":"visible","order_price_visibility":"visible","stock_status":"in_stock"},{"bundled_item_id":1001,"product_id":10228,"menu_order":4,"quantity_min":1,"quantity_max":1,"quantity_default":1,"priced_individually":true,"shipped_individually":false,"override_title":false,"title":"EN_Tabla de quesos MGE","override_description":false,"description":"EN_Tabla de quesos MGE","optional":false,"hide_thumbnail":false,"discount":"","override_variations":false,"allowed_variations":[""],"override_default_variation_attributes":false,"default_variation_attributes":[],"single_product_visibility":"visible","cart_visibility":"visible","order_visibility":"visible","single_product_price_visibility":"visible","cart_price_visibility":"visible","order_price_visibility":"visible","stock_status":"in_stock"},{"bundled_item_id":1002,"product_id":7716,"menu_order":5,"quantity_min":1,"quantity_max":1,"quantity_default":1,"priced_individually":true,"shipped_individually":false,"override_title":false,"title":"Rega\u00f1\u00e1s","override_description":false,"description":"Rega\u00f1\u00e1s","optional":false,"hide_thumbnail":false,"discount":"","override_variations":false,"allowed_variations":[""],"override_default_variation_attributes":false,"default_variation_attributes":[],"single_product_visibility":"visible","cart_visibility":"visible","order_visibility":"visible","single_product_price_visibility":"visible","cart_price_visibility":"visible","order_price_visibility":"visible","stock_status":"in_stock"},{"bundled_item_id":1003,"product_id":10253,"menu_order":6,"quantity_min":1,"quantity_max":1,"quantity_default":1,"priced_individually":true,"shipped_individually":false,"override_title":false,"title":"EN_Juegos + vasos_TasteOfGold","override_description":false,"description":"EN_Juegos + vasos_TasteOfGold","optional":false,"hide_thumbnail":false,"discount":"","override_variations":false,"allowed_variations":[""],"override_default_variation_attributes":false,"default_variation_attributes":[],"single_product_visibility":"visible","cart_visibility":"visible","order_visibility":"visible","single_product_price_visibility":"visible","cart_price_visibility":"visible","order_price_visibility":"visible","stock_status":"in_stock"}],"bundle_sell_ids":[],"acf":[],"_links":{"self":[{"href":"https:\/\/malagagourmet.net\/en\/wp-json\/wp\/v2\/product\/17179","targetHints":{"allow":["GET"]}}],"collection":[{"href":"https:\/\/malagagourmet.net\/en\/wp-json\/wp\/v2\/product"}],"about":[{"href":"https:\/\/malagagourmet.net\/en\/wp-json\/wp\/v2\/types\/product"}],"replies":[{"embeddable":true,"href":"https:\/\/malagagourmet.net\/en\/wp-json\/wp\/v2\/comments?post=17179"}],"wp:featuredmedia":[{"embeddable":true,"href":"https:\/\/malagagourmet.net\/en\/wp-json\/wp\/v2\/media\/14708"}],"wp:attachment":[{"href":"https:\/\/malagagourmet.net\/en\/wp-json\/wp\/v2\/media?parent=17179"}],"wp:term":[{"taxonomy":"product_brand","embeddable":true,"href":"https:\/\/malagagourmet.net\/en\/wp-json\/wp\/v2\/product_brand?post=17179"},{"taxonomy":"product_cat","embeddable":true,"href":"https:\/\/malagagourmet.net\/en\/wp-json\/wp\/v2\/product_cat?post=17179"},{"taxonomy":"product_tag","embeddable":true,"href":"https:\/\/malagagourmet.net\/en\/wp-json\/wp\/v2\/product_tag?post=17179"}],"curies":[{"name":"wp","href":"https:\/\/api.w.org\/{rel}","templated":true}]}}