{"id":6357,"date":"2020-11-15T15:28:19","date_gmt":"2020-11-15T15:28:19","guid":{"rendered":"https:\/\/malagagourmet.net\/tienda\/uncategorized\/picnic-in-la-malagueta\/"},"modified":"2021-11-09T12:28:12","modified_gmt":"2021-11-09T12:28:12","slug":"picnic-in-la-malagueta","status":"publish","type":"product","link":"https:\/\/malagagourmet.net\/en\/picnic-in-la-malagueta\/","title":{"rendered":"PICNIC IN LA MALAGUETA"},"content":{"rendered":"<p><span style=\"font-weight: 400;\">This is the way we enjoy a good picnic in M\u00e1laga: cold beers and good food. Enjoy a different picnic, with the flavour of the most modern and innovative Malaga.<\/span><\/p>\n<h2><span style=\"font-weight: 400;\">Picnic in La Malagueta contains:<\/span><\/h2>\n<ul>\n<li><span style=\"font-weight: 400;\">Craft beers La Axarca (x2)<\/span><\/li>\n<li><span style=\"font-weight: 400;\">Wicker basket<\/span><\/li>\n<li><span style=\"font-weight: 400;\">Semi-cured Goat cheese with rosemary 320 g<\/span><\/li>\n<li><span style=\"font-weight: 400;\">Mango Snack 50 g<\/span><\/li>\n<li><span style=\"font-weight: 400;\">Red pepper jam 275 g<\/span><\/li>\n<li><span style=\"font-weight: 400;\">Breadsticks with sesame seeds 150 g<\/span><\/li>\n<li>Greeting card<\/li>\n<\/ul>\n<p>*If you buy this gift box you do NOT need to click on &#8220;I want it as a gift&#8221;. All gift packs include a special packaging and a free greeting card. To write your message please use the &#8220;Notes&#8221; text box that appears during the checkout process.<\/p>\n","protected":false},"excerpt":{"rendered":"<p>This is the way we enjoy a good picnic in M\u00e1laga: cold beers and good food. Enjoy a different picnic, with the flavour of the most modern and innovative Malaga. Picnic in La Malagueta contains: Craft beers La Axarca (x2) Wicker basket Semi-cured Goat cheese with rosemary 320 g Mango Snack 50 g Red pepper [&hellip;]<\/p>\n","protected":false},"featured_media":14774,"comment_status":"closed","ping_status":"closed","template":"","meta":{"_acf_changed":false,"_et_pb_use_builder":"","_et_pb_old_content":"","_et_gb_content_width":""},"product_brand":[],"product_cat":[87],"product_tag":[],"class_list":{"0":"post-6357","1":"product","2":"type-product","3":"status-publish","4":"has-post-thumbnail","6":"product_cat-gift-baskets","8":"first","9":"instock","10":"purchasable","11":"product-type-bundle"},"bundled_by":[],"bundle_stock_status":"insufficientstock","bundle_stock_quantity":0,"bundle_virtual":false,"bundle_layout":"default","bundle_add_to_cart_form_location":"default","bundle_editable_in_cart":false,"bundle_sold_individually_context":"product","bundle_item_grouping":"parent","bundle_min_size":"","bundle_max_size":"","bundled_items":[{"bundled_item_id":174,"product_id":6386,"menu_order":0,"quantity_min":2,"quantity_max":2,"quantity_default":2,"priced_individually":true,"shipped_individually":false,"override_title":false,"title":"La Axarca Craft Beer","override_description":false,"description":"La Axarca Craft Beer","optional":false,"hide_thumbnail":false,"discount":"","override_variations":false,"allowed_variations":[""],"override_default_variation_attributes":false,"default_variation_attributes":[],"single_product_visibility":"hidden","cart_visibility":"hidden","order_visibility":"hidden","single_product_price_visibility":"hidden","cart_price_visibility":"hidden","order_price_visibility":"hidden","stock_status":"in_stock"},{"bundled_item_id":175,"product_id":6324,"menu_order":1,"quantity_min":1,"quantity_max":1,"quantity_default":1,"priced_individually":true,"shipped_individually":false,"override_title":false,"title":"Dried mango","override_description":false,"description":"Dried mango","optional":false,"hide_thumbnail":false,"discount":"","override_variations":false,"allowed_variations":[""],"override_default_variation_attributes":false,"default_variation_attributes":[],"single_product_visibility":"hidden","cart_visibility":"hidden","order_visibility":"hidden","single_product_price_visibility":"hidden","cart_price_visibility":"hidden","order_price_visibility":"hidden","stock_status":"out_of_stock"},{"bundled_item_id":176,"product_id":6167,"menu_order":2,"quantity_min":1,"quantity_max":1,"quantity_default":1,"priced_individually":true,"shipped_individually":false,"override_title":false,"title":"Red Pepper Jam","override_description":false,"description":"Red Pepper Jam","optional":false,"hide_thumbnail":false,"discount":"","override_variations":false,"allowed_variations":[""],"override_default_variation_attributes":false,"default_variation_attributes":[],"single_product_visibility":"hidden","cart_visibility":"hidden","order_visibility":"hidden","single_product_price_visibility":"visible","cart_price_visibility":"hidden","order_price_visibility":"hidden","stock_status":"in_stock"},{"bundled_item_id":177,"product_id":7716,"menu_order":3,"quantity_min":1,"quantity_max":1,"quantity_default":1,"priced_individually":true,"shipped_individually":false,"override_title":false,"title":"Rega\u00f1\u00e1s","override_description":false,"description":"Rega\u00f1\u00e1s","optional":false,"hide_thumbnail":false,"discount":"","override_variations":false,"allowed_variations":[""],"override_default_variation_attributes":false,"default_variation_attributes":[],"single_product_visibility":"hidden","cart_visibility":"hidden","order_visibility":"hidden","single_product_price_visibility":"visible","cart_price_visibility":"hidden","order_price_visibility":"hidden","stock_status":"in_stock"},{"bundled_item_id":434,"product_id":12052,"menu_order":4,"quantity_min":1,"quantity_max":1,"quantity_default":1,"priced_individually":true,"shipped_individually":false,"override_title":false,"title":"IN_Embalaje para regalo","override_description":false,"description":"IN_Embalaje para regalo","optional":false,"hide_thumbnail":false,"discount":"","override_variations":false,"allowed_variations":[""],"override_default_variation_attributes":false,"default_variation_attributes":[],"single_product_visibility":"hidden","cart_visibility":"hidden","order_visibility":"hidden","single_product_price_visibility":"visible","cart_price_visibility":"hidden","order_price_visibility":"hidden","stock_status":"in_stock"},{"bundled_item_id":449,"product_id":12179,"menu_order":5,"quantity_min":1,"quantity_max":1,"quantity_default":1,"priced_individually":true,"shipped_individually":false,"override_title":false,"title":"IN_Cesta de mimbre Peque\u00f1a","override_description":false,"description":"IN_Cesta de mimbre Peque\u00f1a","optional":false,"hide_thumbnail":false,"discount":"","override_variations":false,"allowed_variations":[""],"override_default_variation_attributes":false,"default_variation_attributes":[],"single_product_visibility":"hidden","cart_visibility":"hidden","order_visibility":"hidden","single_product_price_visibility":"visible","cart_price_visibility":"hidden","order_price_visibility":"hidden","stock_status":"in_stock"},{"bundled_item_id":582,"product_id":10564,"menu_order":6,"quantity_min":1,"quantity_max":1,"quantity_default":1,"priced_individually":true,"shipped_individually":false,"override_title":false,"title":"Wedge of semi-cured goat cheese with rosemary","override_description":false,"description":"Wedge of semi-cured goat cheese with rosemary","optional":false,"hide_thumbnail":false,"discount":"","override_variations":true,"allowed_variations":[14561],"override_default_variation_attributes":true,"default_variation_attributes":[{"id":0,"name":"Formato","option":"350 gr. aprox."}],"single_product_visibility":"hidden","cart_visibility":"hidden","order_visibility":"hidden","single_product_price_visibility":"hidden","cart_price_visibility":"hidden","order_price_visibility":"hidden","stock_status":"in_stock"}],"bundle_sell_ids":[],"acf":[],"_links":{"self":[{"href":"https:\/\/malagagourmet.net\/en\/wp-json\/wp\/v2\/product\/6357","targetHints":{"allow":["GET"]}}],"collection":[{"href":"https:\/\/malagagourmet.net\/en\/wp-json\/wp\/v2\/product"}],"about":[{"href":"https:\/\/malagagourmet.net\/en\/wp-json\/wp\/v2\/types\/product"}],"replies":[{"embeddable":true,"href":"https:\/\/malagagourmet.net\/en\/wp-json\/wp\/v2\/comments?post=6357"}],"wp:featuredmedia":[{"embeddable":true,"href":"https:\/\/malagagourmet.net\/en\/wp-json\/wp\/v2\/media\/14774"}],"wp:attachment":[{"href":"https:\/\/malagagourmet.net\/en\/wp-json\/wp\/v2\/media?parent=6357"}],"wp:term":[{"taxonomy":"product_brand","embeddable":true,"href":"https:\/\/malagagourmet.net\/en\/wp-json\/wp\/v2\/product_brand?post=6357"},{"taxonomy":"product_cat","embeddable":true,"href":"https:\/\/malagagourmet.net\/en\/wp-json\/wp\/v2\/product_cat?post=6357"},{"taxonomy":"product_tag","embeddable":true,"href":"https:\/\/malagagourmet.net\/en\/wp-json\/wp\/v2\/product_tag?post=6357"}],"curies":[{"name":"wp","href":"https:\/\/api.w.org\/{rel}","templated":true}]}}