{"id":6493,"date":"2020-11-15T16:02:04","date_gmt":"2020-11-15T16:02:04","guid":{"rendered":"https:\/\/malagagourmet.net\/tienda\/uncategorized\/dama-de-la-vina\/"},"modified":"2021-08-12T11:21:00","modified_gmt":"2021-08-12T11:21:00","slug":"dama-de-la-vina","status":"publish","type":"product","link":"https:\/\/malagagourmet.net\/en\/dama-de-la-vina\/","title":{"rendered":"Dama de la Vi\u00f1a"},"content":{"rendered":"<p>Dama de la Vi\u00f1a is a natural sweet wine from the Axarqu\u00eda of Malaga (eastern part of the province).<br \/>\nIts colour is straw yellow with greenish reflections. Its aroma has floral (orange blossom, rose petals) and fruity notes (peach, apricot), touches of citrus fruits (grapefruit and tangerine skin) and exotic fruits (mango). It is silky and balanced.<\/p>\n<h2><strong>Suggestions<\/strong><\/h2>\n<p>It is perfect for the appetizer and it goes well with cheese, p\u00e2t\u00e9s, jams and salads.<\/p>\n<h2><strong>Size<\/strong><\/h2>\n<p>750 ml<\/p>\n<h2><strong>Grape variety<\/strong><\/h2>\n<p>100% Moscatel Alejandr\u00eda.<\/p>\n<h2><strong>Alcohol level of Dama de la Vi\u00f1a<\/strong><\/h2>\n<p>15% Vol.<\/p>\n","protected":false},"excerpt":{"rendered":"<p>Dama de la Vi\u00f1a is a natural sweet wine from the Axarqu\u00eda of Malaga (eastern part of the province). Its colour is straw yellow with greenish reflections. Its aroma has floral (orange blossom, rose petals) and fruity notes (peach, apricot), touches of citrus fruits (grapefruit and tangerine skin) and exotic fruits (mango). It is silky [&hellip;]<\/p>\n","protected":false},"featured_media":8579,"comment_status":"closed","ping_status":"closed","template":"","meta":{"_acf_changed":false,"_et_pb_use_builder":"","_et_pb_old_content":"","_et_gb_content_width":""},"product_brand":[],"product_cat":[184,155],"product_tag":[],"class_list":{"0":"post-6493","1":"product","2":"type-product","3":"status-publish","4":"has-post-thumbnail","6":"product_cat-sweet-wine","7":"product_cat-malaga-wine","9":"first","10":"instock","11":"taxable","12":"shipping-taxable","13":"purchasable","14":"product-type-variable"},"bundled_by":[],"bundle_stock_status":"instock","bundle_stock_quantity":10,"bundle_virtual":false,"bundle_layout":"","bundle_add_to_cart_form_location":"","bundle_editable_in_cart":false,"bundle_sold_individually_context":"","bundle_item_grouping":"","bundle_min_size":"","bundle_max_size":"","bundled_items":[],"bundle_sell_ids":[],"acf":[],"_links":{"self":[{"href":"https:\/\/malagagourmet.net\/en\/wp-json\/wp\/v2\/product\/6493","targetHints":{"allow":["GET"]}}],"collection":[{"href":"https:\/\/malagagourmet.net\/en\/wp-json\/wp\/v2\/product"}],"about":[{"href":"https:\/\/malagagourmet.net\/en\/wp-json\/wp\/v2\/types\/product"}],"replies":[{"embeddable":true,"href":"https:\/\/malagagourmet.net\/en\/wp-json\/wp\/v2\/comments?post=6493"}],"wp:featuredmedia":[{"embeddable":true,"href":"https:\/\/malagagourmet.net\/en\/wp-json\/wp\/v2\/media\/8579"}],"wp:attachment":[{"href":"https:\/\/malagagourmet.net\/en\/wp-json\/wp\/v2\/media?parent=6493"}],"wp:term":[{"taxonomy":"product_brand","embeddable":true,"href":"https:\/\/malagagourmet.net\/en\/wp-json\/wp\/v2\/product_brand?post=6493"},{"taxonomy":"product_cat","embeddable":true,"href":"https:\/\/malagagourmet.net\/en\/wp-json\/wp\/v2\/product_cat?post=6493"},{"taxonomy":"product_tag","embeddable":true,"href":"https:\/\/malagagourmet.net\/en\/wp-json\/wp\/v2\/product_tag?post=6493"}],"curies":[{"name":"wp","href":"https:\/\/api.w.org\/{rel}","templated":true}]}}