{"id":12309,"date":"2021-06-11T16:04:36","date_gmt":"2021-06-11T16:04:36","guid":{"rendered":"https:\/\/malagagourmet.net\/questions-frequemment-posees\/"},"modified":"2021-08-07T09:13:30","modified_gmt":"2021-08-07T09:13:30","slug":"questions-frequemment-posees","status":"publish","type":"page","link":"https:\/\/malagagourmet.net\/fr\/questions-frequemment-posees\/","title":{"rendered":"QUESTIONS FR\u00c9QUEMMENT POS\u00c9ES"},"content":{"rendered":"<h1>QUESTIONS FR\u00c9QUEMMENT POS\u00c9ES<\/h1>\n<h3 id=\"elementor-tab-title-4731\" role=\"tab\" data-tab=\"1\" aria-controls=\"elementor-tab-content-4731\" aria-expanded=\"false\"><a>Comment faire un achat en ligne ?<\/a><\/h3>\n<p>C\u2019est un processus simple. Il convient seulement de suivre aux \u00e9tapes suivantes\u00a0:<\/p>\n<ol>\n<li>Choisissez la cat\u00e9gorie o\u00f9 se trouve le produit ou produits que vous souhaitez acheter.<\/li>\n<li>S\u00e9lectionnez le produit qui vous int\u00e9resse pour en conna\u00eetre les caract\u00e9ristiques et voir les photographies.<\/li>\n<li>S\u00e9lectionnez le nombre d\u2019unit\u00e9s et ajoutez l\u2019article au panier. Vous pouvez ensuite choisir de poursuivre l\u2019achat ou de traiter la commande.<\/li>\n<li>Si vous souhaitez continuer vos achats, r\u00e9p\u00e9tez le processus. Si vous souhaitez commander, cliquez sur le bouton \u00abFinaliser l\u2019achat\u00bb pour lancer le processus d\u2019achat.<\/li>\n<li>Saisissez toutes les informations demand\u00e9es et assurez-vous qu\u2019elles sont correctes.<\/li>\n<li>S\u00e9lectionnez un m\u00e9thode de paiement : Visa, virement bancaire ou bizum.<\/li>\n<li>Confirmez la commande et proc\u00e9dez, le cas \u00e9ch\u00e9ant, au paiement.<\/li>\n<li>Vous recevrez un email de confirmation de commande.<\/li>\n<\/ol>\n<h3 id=\"elementor-tab-title-4732\" role=\"tab\" data-tab=\"2\" aria-controls=\"elementor-tab-content-4732\" aria-expanded=\"false\"><a>Dans quels pays exp\u00e9dions-nous les produits ?<\/a><\/h3>\n<p>Actuellement, nous exp\u00e9dions les commandes vers les pays de l\u2019Union Europ\u00e9enne et du Royaume-Uni.<\/p>\n<h3 id=\"elementor-tab-title-4733\" role=\"tab\" data-tab=\"3\" aria-controls=\"elementor-tab-content-4733\" aria-expanded=\"false\"><a>Les articles marqu\u00e9s \u00ab\u00e9puis\u00e9\u00bb sont-ils r\u00e9approvisionn\u00e9s ?<\/a><\/h3>\n<p>S\u2019il n\u2019existe pas de stock disponible d\u2019un produit, cela sera indiqu\u00e9 sur le site Web et on cherchera \u00e0 le r\u00e9approvisionner le plus rapidement possible.<\/p>\n<h3 id=\"elementor-tab-title-4734\" role=\"tab\" data-tab=\"4\" aria-controls=\"elementor-tab-content-4734\" aria-expanded=\"false\"><a>Vais-je recevoir le m\u00eame produit que je vois sur la photo ?<\/a><\/h3>\n<p>Oui.<\/p>\n<h3 id=\"elementor-tab-title-4735\" role=\"tab\" data-tab=\"5\" aria-controls=\"elementor-tab-content-4735\" aria-expanded=\"false\"><a>Comment puis-je m\u2019assurer d\u2019avoir r\u00e9alis\u00e9 mon achat correctement ?<\/a><\/h3>\n<p>Une fois que votre commande est faite, vous recevrez un courrier de confirmation. Si vous ne le recevez pas, veuillez nous contacter via <a href=\"mailto:hola@malagagourmet.net\">hola@malagagourmet.net<\/a><\/p>\n<h3 id=\"elementor-tab-title-4736\" role=\"tab\" data-tab=\"6\" aria-controls=\"elementor-tab-content-4736\" aria-expanded=\"false\"><a>Puis-je supprimer un article de ma commande ?<\/a><\/h3>\n<p>Oui. Vous pourrez supprimer l\u2019article de votre choix du panier d\u2019achat avant de traiter la commande.<\/p>\n<h3 id=\"elementor-tab-title-4737\" role=\"tab\" data-tab=\"7\" aria-controls=\"elementor-tab-content-4737\" aria-expanded=\"false\"><a>Puis-je annuler ma commande ?<\/a><\/h3>\n<p>Oui, vous pourrez annuler votre commande en nous contactant \u00e0 hola@malagagourmet.net tant qu\u2019elle n\u2019a pas quitt\u00e9 nos installations.<\/p>\n<h3 id=\"elementor-tab-title-4738\" role=\"tab\" data-tab=\"8\" aria-controls=\"elementor-tab-content-4738\" aria-expanded=\"false\"><a>Que dois-je faire si un article arrive en mauvais \u00e9tat ?<\/a><\/h3>\n<p>M\u00e1laga Gourmet vend uniquement des articles en parfait \u00e9tat, donc si, exceptionnellement, vous recevez un article pr\u00e9sentant un d\u00e9faut, veuillez nous contacter au plus vite.<\/p>\n<h3 id=\"elementor-tab-title-4739\" role=\"tab\" data-tab=\"9\" aria-controls=\"elementor-tab-content-4739\" aria-expanded=\"false\"><a>Que dois-je faire si je re\u00e7ois un article incorrect ?<\/a><\/h3>\n<p>Si \u00e0 une occasion, par erreur, vous recevez un article que vous n\u2019avez pas command\u00e9, veuillez nous contacter.<\/p>\n<h3 id=\"elementor-tab-title-47310\" role=\"tab\" data-tab=\"10\" aria-controls=\"elementor-tab-content-47310\" aria-expanded=\"false\"><a>Quel mode de paiement puis-je utiliser pour r\u00e9aliser mon achat ?<\/a><\/h3>\n<p>Nous disposons des moyens de paiement suivants : Carte de cr\u00e9dit ou de d\u00e9bit, virement bancaire et Bizum.<\/p>\n<h3 id=\"elementor-tab-title-47311\" role=\"tab\" data-tab=\"11\" aria-controls=\"elementor-tab-content-47311\" aria-expanded=\"false\"><a>Pour quelles raisons ma carte de cr\u00e9dit peut-elle \u00eatre refus\u00e9e ?<\/a><\/h3>\n<p>Votre carte peut \u00eatre refus\u00e9e pour les raisons suivantes\u00a0:<\/p>\n<ul>\n<li>La carte est peut-\u00eatre expir\u00e9e. V\u00e9rifiez bien la date de validit\u00e9.<\/li>\n<li>Vous avez peut-\u00eatre atteint la limite de la carte. Vous pouvez savoir si vous avez d\u00e9pass\u00e9 le montant autoris\u00e9 pour effectuer des achats en consultant votre banque.<\/li>\n<li>Certaines des donn\u00e9es saisies peuvent \u00eatre incorrectes. V\u00e9rifiez que tous les champs n\u00e9cessaires sont correctement remplis.<\/li>\n<\/ul>\n<h3 id=\"elementor-tab-title-47312\" role=\"tab\" data-tab=\"12\" aria-controls=\"elementor-tab-content-47312\" aria-expanded=\"false\"><a>Est-il s\u00fbr d&rsquo;utiliser ma carte de cr\u00e9dit sur le Web ?<\/a><\/h3>\n<p>Oui, le Web de M\u00e1laga Gourmet dispose d\u2019un certificat SSL pour prot\u00e9ger vos donn\u00e9es au moment d\u2019achat et paiement.<\/p>\n<h3 id=\"elementor-tab-title-47313\" role=\"tab\" data-tab=\"13\" aria-controls=\"elementor-tab-content-47313\" aria-expanded=\"false\"><a>O\u00f9 recevrai-je ma commande ?<\/a><\/h3>\n<p>Vous recevrez votre commande \u00e0 l\u2019adresse que vous choisissez au moment de l\u2019achat.<\/p>\n<h3 id=\"elementor-tab-title-47314\" role=\"tab\" data-tab=\"14\" aria-controls=\"elementor-tab-content-47314\" aria-expanded=\"false\"><a>Le pays de livraison peut-il \u00eatre diff\u00e9rent du pays d&rsquo;achat ?<\/a><\/h3>\n<p>Oui.<\/p>\n<h3 id=\"elementor-tab-title-47315\" role=\"tab\" data-tab=\"15\" aria-controls=\"elementor-tab-content-47315\" aria-expanded=\"false\"><a>Combien de temps faut-il pour que ma commande arrive ?<\/a><\/h3>\n<p>Le d\u00e9lai moyen de livraison dans la p\u00e9ninsule est de 2 jours ouvrables, sauf si la commande est r\u00e9alis\u00e9e un samedi, un dimanche ou un jour f\u00e9ri\u00e9, auquel cas la commande sera trait\u00e9e le premier jour ouvrable suivant la commande.<\/p>\n<p>Pour le reste des destinations, le d\u00e9lai moyen de livraison est\u00a0:<\/p>\n<p>Les \u00celes Bal\u00e9ares 3 jours ouvrables<br \/>\nLe Portugal 2 jours ouvrables<br \/>\nL\u2019Allemagne 4 jours ouvrables<br \/>\nLa France 5 jours ouvrables<br \/>\nL\u2019Autriche 4 jours ouvrables<br \/>\nLa Belgique 4 jours ouvrables<br \/>\nLa Croatie 5 jours ouvrables<br \/>\nLa Slovaquie 5 jours ouvrables<br \/>\nLa Slov\u00e9nie 5 jours ouvrables<br \/>\nLa Hollande 4 jours ouvrables<br \/>\nLa Hongrie 6 jours ouvrables<br \/>\nLe Luxembourg 5 jours ouvrables<br \/>\nLa Pologne 5 jours ouvrables<br \/>\nLa R\u00e9publique Tch\u00e8que 5 jours ouvrables<br \/>\nLa Roumanie 6 jours ouvrables<br \/>\nLa Bulgarie 7 jours ouvrables<br \/>\nLa Gr\u00e8ce 6 jours ouvrables<br \/>\nL\u2019Irlande 7 jours ouvrables<br \/>\nLa Lettonie 6 jours ouvrables<br \/>\nLa Lituanie 6 jours ouvrables<br \/>\nLe Danemark 5 jours ouvrables<br \/>\nLa Finlande 8 jours ouvrables<br \/>\nLa Su\u00e8de 8 jours ouvrables<br \/>\nL\u2019Italie 5 jours ouvrables<\/p>\n<h3 id=\"elementor-tab-title-47316\" role=\"tab\" data-tab=\"16\" aria-controls=\"elementor-tab-content-47316\" aria-expanded=\"false\"><a>Combien dois-je payer pour les frais de livraison ?<\/a><\/h3>\n<p>Les frais de livraison sont variables en fonction du poids des produits dans le panier. Ils sont calcul\u00e9s automatiquement au moment de la commande et le client en sera inform\u00e9 avant d\u2019effectuer le paiement.<\/p>\n<h3 id=\"elementor-tab-title-47317\" role=\"tab\" data-tab=\"17\" aria-controls=\"elementor-tab-content-47317\" aria-expanded=\"false\"><a>Quel est le processus de livraison \u00e0 domicile ?<\/a><\/h3>\n<p>Nous vous enverrons un courrier de confirmation lorsque vous aurez termin\u00e9 votre achat et le transporteur vous contactera pour vous informer de la livraison de la commande.<\/p>\n<h3 id=\"elementor-tab-title-47318\" role=\"tab\" data-tab=\"18\" aria-controls=\"elementor-tab-content-47318\" aria-expanded=\"false\"><a>Comment puis-je retourner un article ?<\/a><\/h3>\n<p>Pour demander un retour d\u2019une commande, \u00e9crivez-nous \u00e0 l\u2019adresse hola@malagagourmet.net en pr\u00e9cisant le num\u00e9ro de commande (que vous trouverez dans le courrier de confirmation de commande).<\/p>\n<p>M\u00e1laga Gourmet ne prend pas en charge les frais de transport du retour. Vous pouvez envoyer les articles \u00e0\u00a0:<\/p>\n<p style=\"font-size: 16px; font-style: normal; font-weight: 400;\">Calle R\u00edo de la Plata N\u00ba 4 Local 8<br \/>\n29793 Torrox-Costa<br \/>\nM\u00e1laga (Espagne)<\/p>\n<h3 id=\"elementor-tab-title-47319\" role=\"tab\" data-tab=\"19\" aria-controls=\"elementor-tab-content-47319\" aria-expanded=\"false\"><a>Quelle est la date limite pour effectuer un retour ?<\/a><\/h3>\n<p>Pour tout retour, vous avez un d\u00e9lai de quatorze jours \u00e0 compter de la r\u00e9alisation de la commande.<\/p>\n<h3 id=\"elementor-tab-title-47320\" role=\"tab\" data-tab=\"20\" aria-controls=\"elementor-tab-content-47320\" aria-expanded=\"false\"><a>Comment vais-je recevoir mon remboursement ?<\/a><\/h3>\n<p>Une fois admis le retour, vous recevrez le montant de la m\u00eame mani\u00e8re que vous avez effectu\u00e9 votre achat.<\/p>\n<h3 id=\"elementor-tab-title-47321\" role=\"tab\" data-tab=\"21\" aria-controls=\"elementor-tab-content-47321\" aria-expanded=\"false\"><a>Quand recevrai-je mon remboursement ?<\/a><\/h3>\n<p>Une fois admis le retour (les articles doivent \u00eatre en parfait \u00e9tat et \u00eatre non ouverts), vous recevrez un courrier de confirmation en indiquant que le montant sera vers\u00e9 sur votre compte (selon le m\u00eame mode de paiement que vous avez utilis\u00e9 pour payer) dans les jours suivants. Veuillez noter que le retard de paiement sur la carte de cr\u00e9dit d\u00e9pendra toujours de votre \u00e9tablissement bancaire.<\/p>\n<h3 id=\"elementor-tab-title-47322\" role=\"tab\" data-tab=\"22\" aria-controls=\"elementor-tab-content-47322\" aria-expanded=\"false\"><a>Que dois-je faire si le montant de mon remboursement est incorrect ?<\/a><\/h3>\n<p>Contactez-nous, nous r\u00e9soudrons le probl\u00e8me dans les plus brefs d\u00e9lais.<\/p>\n","protected":false},"excerpt":{"rendered":"<p>QUESTIONS FR\u00c9QUEMMENT POS\u00c9ES Comment faire un achat en ligne ? C\u2019est un processus simple. Il convient seulement de suivre aux \u00e9tapes suivantes\u00a0: Choisissez la cat\u00e9gorie o\u00f9 se trouve le produit ou produits que vous souhaitez acheter. S\u00e9lectionnez le produit qui vous int\u00e9resse pour en conna\u00eetre les caract\u00e9ristiques et voir les photographies. S\u00e9lectionnez le nombre d\u2019unit\u00e9s [&hellip;]<\/p>\n","protected":false},"author":52,"featured_media":0,"parent":0,"menu_order":0,"comment_status":"closed","ping_status":"closed","template":"","meta":{"_acf_changed":false,"_et_pb_use_builder":"","_et_pb_old_content":"","_et_gb_content_width":"","footnotes":""},"class_list":["post-12309","page","type-page","status-publish","hentry"],"acf":[],"_links":{"self":[{"href":"https:\/\/malagagourmet.net\/fr\/wp-json\/wp\/v2\/pages\/12309","targetHints":{"allow":["GET"]}}],"collection":[{"href":"https:\/\/malagagourmet.net\/fr\/wp-json\/wp\/v2\/pages"}],"about":[{"href":"https:\/\/malagagourmet.net\/fr\/wp-json\/wp\/v2\/types\/page"}],"author":[{"embeddable":true,"href":"https:\/\/malagagourmet.net\/fr\/wp-json\/wp\/v2\/users\/52"}],"replies":[{"embeddable":true,"href":"https:\/\/malagagourmet.net\/fr\/wp-json\/wp\/v2\/comments?post=12309"}],"version-history":[{"count":3,"href":"https:\/\/malagagourmet.net\/fr\/wp-json\/wp\/v2\/pages\/12309\/revisions"}],"predecessor-version":[{"id":13435,"href":"https:\/\/malagagourmet.net\/fr\/wp-json\/wp\/v2\/pages\/12309\/revisions\/13435"}],"wp:attachment":[{"href":"https:\/\/malagagourmet.net\/fr\/wp-json\/wp\/v2\/media?parent=12309"}],"curies":[{"name":"wp","href":"https:\/\/api.w.org\/{rel}","templated":true}]}}