{"id":12497,"date":"2020-11-14T12:32:41","date_gmt":"2020-11-14T12:32:41","guid":{"rendered":"https:\/\/malagagourmet.net\/huile-dolive-vierge-extra-la-samiaja\/"},"modified":"2021-08-07T10:37:00","modified_gmt":"2021-08-07T10:37:00","slug":"huile-dolive-vierge-extra-la-samiaja","status":"publish","type":"product","link":"https:\/\/malagagourmet.net\/fr\/huile-dolive-vierge-extra-la-samiaja\/","title":{"rendered":"Huile d&rsquo;olive vierge extra La Samiaja"},"content":{"rendered":"<h2 style=\"font-style: normal;\"><strong>Format<\/strong><\/h2>\n<p style=\"font-size: 16px; font-style: normal; font-weight: 400;\">500 ml<\/p>\n<h3><strong>Vari\u00e9t\u00e9 d&rsquo;olive<\/strong><\/h3>\n<p>Picual<\/p>\n<h3><strong>Informations nutritionnelles par 100 g<\/strong><\/h3>\n<ul>\n<li><span style=\"font-weight: 400;\">Valeur \u00e9nerg\u00e9tique<\/span> 3700 KJ\/ 900 kcal<\/li>\n<li><span style=\"font-weight: 400;\">Mati\u00e8res grasses<\/span> 100 g<\/li>\n<li><span style=\"font-weight: 400;\">Mati\u00e8res grasses satur\u00e9es<\/span> 15 g<\/li>\n<li><span style=\"font-weight: 400;\">Monoinsatur\u00e9s <\/span>80 g<\/li>\n<li><span style=\"font-weight: 400;\">Polyinsatur\u00e9 <\/span>5 g<\/li>\n<li><span style=\"font-weight: 400;\">Glucides <\/span> 0 g<\/li>\n<li><span style=\"font-weight: 400;\">Sucres <\/span>0 g<\/li>\n<li><span style=\"font-weight: 400;\">Prot\u00e9ines <\/span>0 g<\/li>\n<li>Sel 0 g<\/li>\n<li>Vitamine E 20 mg<\/li>\n<\/ul>\n","protected":false},"excerpt":{"rendered":"<p>Format 500 ml Vari\u00e9t\u00e9 d&rsquo;olive Picual Informations nutritionnelles par 100 g Valeur \u00e9nerg\u00e9tique 3700 KJ\/ 900 kcal Mati\u00e8res grasses 100 g Mati\u00e8res grasses satur\u00e9es 15 g Monoinsatur\u00e9s 80 g Polyinsatur\u00e9 5 g Glucides 0 g Sucres 0 g Prot\u00e9ines 0 g Sel 0 g Vitamine E 20 mg<\/p>\n","protected":false},"featured_media":10058,"comment_status":"closed","ping_status":"closed","template":"","meta":{"_acf_changed":false,"_et_pb_use_builder":"","_et_pb_old_content":"","_et_gb_content_width":""},"product_brand":[],"product_cat":[135],"product_tag":[],"class_list":{"0":"post-12497","1":"product","2":"type-product","3":"status-publish","4":"has-post-thumbnail","6":"product_cat-huiles-dolive-et-vinaigres","8":"first","9":"instock","10":"taxable","11":"shipping-taxable","12":"purchasable","13":"product-type-simple"},"bundled_by":["12936"],"bundle_stock_status":"instock","bundle_stock_quantity":1,"bundle_virtual":false,"bundle_layout":"","bundle_add_to_cart_form_location":"","bundle_editable_in_cart":false,"bundle_sold_individually_context":"","bundle_item_grouping":"","bundle_min_size":"","bundle_max_size":"","bundled_items":[],"bundle_sell_ids":[],"acf":[],"_links":{"self":[{"href":"https:\/\/malagagourmet.net\/fr\/wp-json\/wp\/v2\/product\/12497","targetHints":{"allow":["GET"]}}],"collection":[{"href":"https:\/\/malagagourmet.net\/fr\/wp-json\/wp\/v2\/product"}],"about":[{"href":"https:\/\/malagagourmet.net\/fr\/wp-json\/wp\/v2\/types\/product"}],"replies":[{"embeddable":true,"href":"https:\/\/malagagourmet.net\/fr\/wp-json\/wp\/v2\/comments?post=12497"}],"wp:featuredmedia":[{"embeddable":true,"href":"https:\/\/malagagourmet.net\/fr\/wp-json\/wp\/v2\/media\/10058"}],"wp:attachment":[{"href":"https:\/\/malagagourmet.net\/fr\/wp-json\/wp\/v2\/media?parent=12497"}],"wp:term":[{"taxonomy":"product_brand","embeddable":true,"href":"https:\/\/malagagourmet.net\/fr\/wp-json\/wp\/v2\/product_brand?post=12497"},{"taxonomy":"product_cat","embeddable":true,"href":"https:\/\/malagagourmet.net\/fr\/wp-json\/wp\/v2\/product_cat?post=12497"},{"taxonomy":"product_tag","embeddable":true,"href":"https:\/\/malagagourmet.net\/fr\/wp-json\/wp\/v2\/product_tag?post=12497"}],"curies":[{"name":"wp","href":"https:\/\/api.w.org\/{rel}","templated":true}]}}