{"id":12555,"date":"2020-11-19T08:46:19","date_gmt":"2020-11-19T08:46:19","guid":{"rendered":"https:\/\/malagagourmet.net\/chocolat-noir-85\/"},"modified":"2021-08-13T16:16:53","modified_gmt":"2021-08-13T16:16:53","slug":"chocolat-noir-85","status":"publish","type":"product","link":"https:\/\/malagagourmet.net\/fr\/chocolat-noir-85\/","title":{"rendered":"Chocolat noir 85 %"},"content":{"rendered":"<h2><strong>Format<\/strong><\/h2>\n<p>115 gr<\/p>\n<h2><strong>Ingr\u00e9dients<\/strong><\/h2>\n<p><span style=\"font-weight: 400;\">P\u00e2te de cacao, sucre, beurre de cacao et l\u00e9cithine de soja. Teneur minimale en cacao 85 %.<\/span><\/p>\n<h2><strong>Informations nutritionnelles par 100 g<\/strong><\/h2>\n<ul>\n<li><span style=\"font-weight: 400;\">Valeur \u00e9nerg\u00e9tique 582 Kcal<\/span><\/li>\n<li><span style=\"font-weight: 400;\">Mati\u00e8res grasses 50 g<\/span><\/li>\n<li><span style=\"font-weight: 400;\">Mati\u00e8res grasses satur\u00e9es 30 g<\/span><\/li>\n<li><span style=\"font-weight: 400;\">Glucides 15 g<\/span><\/li>\n<li><span style=\"font-weight: 400;\">Sucres 10,5 g<\/span><\/li>\n<li><span style=\"font-weight: 400;\">Prot\u00e9ines 10 g<\/span><\/li>\n<li><span style=\"font-weight: 400;\">Sel 0,03 g\u00a0\u00a0\u00a0<\/span><\/li>\n<\/ul>\n","protected":false},"excerpt":{"rendered":"<p>Format 115 gr Ingr\u00e9dients P\u00e2te de cacao, sucre, beurre de cacao et l\u00e9cithine de soja. Teneur minimale en cacao 85 %. Informations nutritionnelles par 100 g Valeur \u00e9nerg\u00e9tique 582 Kcal Mati\u00e8res grasses 50 g Mati\u00e8res grasses satur\u00e9es 30 g Glucides 15 g Sucres 10,5 g Prot\u00e9ines 10 g Sel 0,03 g\u00a0\u00a0\u00a0<\/p>\n","protected":false},"featured_media":10304,"comment_status":"closed","ping_status":"closed","template":"","meta":{"_acf_changed":false,"_et_pb_use_builder":"","_et_pb_old_content":"","_et_gb_content_width":""},"product_brand":[],"product_cat":[139],"product_tag":[],"class_list":{"0":"post-12555","1":"product","2":"type-product","3":"status-publish","4":"has-post-thumbnail","6":"product_cat-sucreries","8":"first","9":"instock","10":"taxable","11":"shipping-taxable","12":"purchasable","13":"product-type-simple"},"bundled_by":["12868"],"bundle_stock_status":"instock","bundle_stock_quantity":1,"bundle_virtual":false,"bundle_layout":"","bundle_add_to_cart_form_location":"","bundle_editable_in_cart":false,"bundle_sold_individually_context":"","bundle_item_grouping":"","bundle_min_size":"","bundle_max_size":"","bundled_items":[],"bundle_sell_ids":[],"acf":[],"_links":{"self":[{"href":"https:\/\/malagagourmet.net\/fr\/wp-json\/wp\/v2\/product\/12555","targetHints":{"allow":["GET"]}}],"collection":[{"href":"https:\/\/malagagourmet.net\/fr\/wp-json\/wp\/v2\/product"}],"about":[{"href":"https:\/\/malagagourmet.net\/fr\/wp-json\/wp\/v2\/types\/product"}],"replies":[{"embeddable":true,"href":"https:\/\/malagagourmet.net\/fr\/wp-json\/wp\/v2\/comments?post=12555"}],"wp:featuredmedia":[{"embeddable":true,"href":"https:\/\/malagagourmet.net\/fr\/wp-json\/wp\/v2\/media\/10304"}],"wp:attachment":[{"href":"https:\/\/malagagourmet.net\/fr\/wp-json\/wp\/v2\/media?parent=12555"}],"wp:term":[{"taxonomy":"product_brand","embeddable":true,"href":"https:\/\/malagagourmet.net\/fr\/wp-json\/wp\/v2\/product_brand?post=12555"},{"taxonomy":"product_cat","embeddable":true,"href":"https:\/\/malagagourmet.net\/fr\/wp-json\/wp\/v2\/product_cat?post=12555"},{"taxonomy":"product_tag","embeddable":true,"href":"https:\/\/malagagourmet.net\/fr\/wp-json\/wp\/v2\/product_tag?post=12555"}],"curies":[{"name":"wp","href":"https:\/\/api.w.org\/{rel}","templated":true}]}}