{"id":12577,"date":"2020-11-03T13:58:55","date_gmt":"2020-11-03T13:58:55","guid":{"rendered":"https:\/\/malagagourmet.net\/sel-a-laloes\/"},"modified":"2021-08-13T18:43:11","modified_gmt":"2021-08-13T18:43:11","slug":"sel-a-laloes","status":"publish","type":"product","link":"https:\/\/malagagourmet.net\/fr\/sel-a-laloes\/","title":{"rendered":"Sel \u00e0 l&rsquo;alo\u00e8s"},"content":{"rendered":"<h2><strong>Format<\/strong><\/h2>\n<p>250 g<\/p>\n<h2><strong>Ingr\u00e9dients<\/strong><\/h2>\n<p><span style=\"font-weight: 400;\">Sel de mer, aloe vera (9%), oignon, gingembre, curcuma et citron.<\/span><\/p>\n<h2><strong>Informations nutritionnelles par 100 g<\/strong><\/h2>\n<ul>\n<li><span style=\"font-weight: 400;\">Valeur \u00e9nerg\u00e9tiqu<\/span>: 0 Kj \/ 0 Kcal<\/li>\n<li><span style=\"font-weight: 400;\">Mati\u00e8res grasses<\/span> 0 g<\/li>\n<li><span style=\"font-weight: 400;\">Glucides<\/span> 0 g<\/li>\n<li><span style=\"font-weight: 400;\">Prot\u00e9ines<\/span> &lt;0,25 g<\/li>\n<li>Sel 84,7g<\/li>\n<\/ul>\n","protected":false},"excerpt":{"rendered":"<p>Format 250 g Ingr\u00e9dients Sel de mer, aloe vera (9%), oignon, gingembre, curcuma et citron. Informations nutritionnelles par 100 g Valeur \u00e9nerg\u00e9tiqu: 0 Kj \/ 0 Kcal Mati\u00e8res grasses 0 g Glucides 0 g Prot\u00e9ines &lt;0,25 g Sel 84,7g<\/p>\n","protected":false},"featured_media":10320,"comment_status":"closed","ping_status":"closed","template":"","meta":{"_acf_changed":false,"_et_pb_use_builder":"","_et_pb_old_content":"","_et_gb_content_width":""},"product_brand":[],"product_cat":[140],"product_tag":[],"class_list":{"0":"post-12577","1":"product","2":"type-product","3":"status-publish","4":"has-post-thumbnail","6":"product_cat-epices-e-autres-assaisonnements","8":"first","9":"outofstock","10":"taxable","11":"shipping-taxable","12":"purchasable","13":"product-type-simple"},"bundled_by":["12891"],"bundle_stock_status":"outofstock","bundle_stock_quantity":null,"bundle_virtual":false,"bundle_layout":"","bundle_add_to_cart_form_location":"","bundle_editable_in_cart":false,"bundle_sold_individually_context":"","bundle_item_grouping":"","bundle_min_size":"","bundle_max_size":"","bundled_items":[],"bundle_sell_ids":[],"acf":[],"_links":{"self":[{"href":"https:\/\/malagagourmet.net\/fr\/wp-json\/wp\/v2\/product\/12577","targetHints":{"allow":["GET"]}}],"collection":[{"href":"https:\/\/malagagourmet.net\/fr\/wp-json\/wp\/v2\/product"}],"about":[{"href":"https:\/\/malagagourmet.net\/fr\/wp-json\/wp\/v2\/types\/product"}],"replies":[{"embeddable":true,"href":"https:\/\/malagagourmet.net\/fr\/wp-json\/wp\/v2\/comments?post=12577"}],"wp:featuredmedia":[{"embeddable":true,"href":"https:\/\/malagagourmet.net\/fr\/wp-json\/wp\/v2\/media\/10320"}],"wp:attachment":[{"href":"https:\/\/malagagourmet.net\/fr\/wp-json\/wp\/v2\/media?parent=12577"}],"wp:term":[{"taxonomy":"product_brand","embeddable":true,"href":"https:\/\/malagagourmet.net\/fr\/wp-json\/wp\/v2\/product_brand?post=12577"},{"taxonomy":"product_cat","embeddable":true,"href":"https:\/\/malagagourmet.net\/fr\/wp-json\/wp\/v2\/product_cat?post=12577"},{"taxonomy":"product_tag","embeddable":true,"href":"https:\/\/malagagourmet.net\/fr\/wp-json\/wp\/v2\/product_tag?post=12577"}],"curies":[{"name":"wp","href":"https:\/\/api.w.org\/{rel}","templated":true}]}}