{"id":12618,"date":"2024-04-29T20:21:13","date_gmt":"2020-11-03T15:06:01","guid":{"rendered":"https:\/\/malagagourmet.net\/snack-aux-carottes-violettes\/"},"modified":"2021-08-15T10:49:24","modified_gmt":"2021-08-15T10:49:24","slug":"snack-aux-carottes-violettes","status":"publish","type":"product","link":"https:\/\/malagagourmet.net\/fr\/snack-aux-carottes-violettes\/","title":{"rendered":"Snack aux carottes violettes"},"content":{"rendered":"<h2><strong>Format<\/strong><\/h2>\n<p>30 g<\/p>\n<h2><strong>Ingr\u00e9dients<\/strong><\/h2>\n<p><span style=\"font-weight: 400;\">100% l\u00e9gumes carotte violette. Sans colorants ni conservateurs. Aucun ar\u00f4me ni exhausteur de go\u00fbt. Sans sel ni sucre ajout\u00e9.\u00a0<\/span><\/p>\n<h2><strong>Informations nutritionnelles par 100 g<\/strong><\/h2>\n<ul>\n<li><span style=\"font-weight: 400;\">Valeur \u00e9nerg\u00e9tique<\/span> 56 Kcal \/ 230 Kj<\/li>\n<li><span style=\"font-weight: 400;\">Mati\u00e8res grasses<\/span> 0,2 g<\/li>\n<li><span style=\"font-weight: 400;\">Mati\u00e8res grasses satur\u00e9es<\/span> 0,1 g<\/li>\n<li><span style=\"font-weight: 400;\">Glucides<\/span> 10 g<\/li>\n<li><span style=\"font-weight: 400;\">Prot\u00e9ines<\/span> 2,0 g<\/li>\n<li>Sodium 38 g<\/li>\n<li>Fibre 2,8 g<\/li>\n<li>Vitamine C 5,8 g<\/li>\n<\/ul>\n","protected":false},"excerpt":{"rendered":"<p>Format 30 g Ingr\u00e9dients 100% l\u00e9gumes carotte violette. Sans colorants ni conservateurs. Aucun ar\u00f4me ni exhausteur de go\u00fbt. Sans sel ni sucre ajout\u00e9.\u00a0 Informations nutritionnelles par 100 g Valeur \u00e9nerg\u00e9tique 56 Kcal \/ 230 Kj Mati\u00e8res grasses 0,2 g Mati\u00e8res grasses satur\u00e9es 0,1 g Glucides 10 g Prot\u00e9ines 2,0 g Sodium 38 g Fibre 2,8 [&hellip;]<\/p>\n","protected":false},"featured_media":10339,"comment_status":"closed","ping_status":"closed","template":"","meta":{"_acf_changed":false,"_et_pb_use_builder":"","_et_pb_old_content":"","_et_gb_content_width":""},"product_brand":[],"product_cat":[141],"product_tag":[],"class_list":{"0":"post-12618","1":"product","2":"type-product","3":"status-publish","4":"has-post-thumbnail","6":"product_cat-fruits-secs-et-snacks","8":"first","9":"outofstock","10":"taxable","11":"shipping-taxable","12":"purchasable","13":"product-type-simple"},"bundled_by":["12663","12883"],"bundle_stock_status":"outofstock","bundle_stock_quantity":0,"bundle_virtual":false,"bundle_layout":"","bundle_add_to_cart_form_location":"","bundle_editable_in_cart":false,"bundle_sold_individually_context":"","bundle_item_grouping":"","bundle_min_size":"","bundle_max_size":"","bundled_items":[],"bundle_sell_ids":[],"acf":[],"_links":{"self":[{"href":"https:\/\/malagagourmet.net\/fr\/wp-json\/wp\/v2\/product\/12618","targetHints":{"allow":["GET"]}}],"collection":[{"href":"https:\/\/malagagourmet.net\/fr\/wp-json\/wp\/v2\/product"}],"about":[{"href":"https:\/\/malagagourmet.net\/fr\/wp-json\/wp\/v2\/types\/product"}],"replies":[{"embeddable":true,"href":"https:\/\/malagagourmet.net\/fr\/wp-json\/wp\/v2\/comments?post=12618"}],"wp:featuredmedia":[{"embeddable":true,"href":"https:\/\/malagagourmet.net\/fr\/wp-json\/wp\/v2\/media\/10339"}],"wp:attachment":[{"href":"https:\/\/malagagourmet.net\/fr\/wp-json\/wp\/v2\/media?parent=12618"}],"wp:term":[{"taxonomy":"product_brand","embeddable":true,"href":"https:\/\/malagagourmet.net\/fr\/wp-json\/wp\/v2\/product_brand?post=12618"},{"taxonomy":"product_cat","embeddable":true,"href":"https:\/\/malagagourmet.net\/fr\/wp-json\/wp\/v2\/product_cat?post=12618"},{"taxonomy":"product_tag","embeddable":true,"href":"https:\/\/malagagourmet.net\/fr\/wp-json\/wp\/v2\/product_tag?post=12618"}],"curies":[{"name":"wp","href":"https:\/\/api.w.org\/{rel}","templated":true}]}}