{"id":12626,"date":"2020-11-03T15:00:42","date_gmt":"2020-11-03T15:00:42","guid":{"rendered":"https:\/\/malagagourmet.net\/pistaches-nazaries\/"},"modified":"2021-08-15T10:56:02","modified_gmt":"2021-08-15T10:56:02","slug":"pistaches-nazaries","status":"publish","type":"product","link":"https:\/\/malagagourmet.net\/fr\/pistaches-nazaries\/","title":{"rendered":"Pistaches Nazaries"},"content":{"rendered":"<h2><strong>Format<\/strong><\/h2>\n<p>120 g<\/p>\n<h2><strong>Ingr\u00e9dients<\/strong><\/h2>\n<p><span style=\"font-weight: 400;\">Pistache 99% et Sel 1%.<\/span><\/p>\n<h2><strong>Informations nutritionnelles par 100 g<\/strong><\/h2>\n<ul>\n<li><span style=\"font-weight: 400;\">Valeur \u00e9nerg\u00e9tique<\/span> 642 Kcal \/ 3654 Kj<\/li>\n<li><span style=\"font-weight: 400;\">Mati\u00e8res grasses<\/span> 56 g<\/li>\n<li><span style=\"font-weight: 400;\">Mati\u00e8res grasses satur\u00e9es<\/span> 7,2 g<\/li>\n<li><span style=\"font-weight: 400;\">Glucides<\/span> 7 g<\/li>\n<li><span style=\"font-weight: 400;\">Sucres<\/span> 4 g<\/li>\n<li><span style=\"font-weight: 400;\">Prot\u00e9ines<\/span> 22 g<\/li>\n<li>Sel 0,5 g<\/li>\n<\/ul>\n","protected":false},"excerpt":{"rendered":"<p>Format 120 g Ingr\u00e9dients Pistache 99% et Sel 1%. Informations nutritionnelles par 100 g Valeur \u00e9nerg\u00e9tique 642 Kcal \/ 3654 Kj Mati\u00e8res grasses 56 g Mati\u00e8res grasses satur\u00e9es 7,2 g Glucides 7 g Sucres 4 g Prot\u00e9ines 22 g Sel 0,5 g<\/p>\n","protected":false},"featured_media":11274,"comment_status":"closed","ping_status":"closed","template":"","meta":{"_acf_changed":false,"_et_pb_use_builder":"","_et_pb_old_content":"","_et_gb_content_width":""},"product_brand":[],"product_cat":[141],"product_tag":[],"class_list":{"0":"post-12626","1":"product","2":"type-product","3":"status-publish","4":"has-post-thumbnail","6":"product_cat-fruits-secs-et-snacks","8":"first","9":"instock","10":"taxable","11":"shipping-taxable","12":"purchasable","13":"product-type-simple"},"bundled_by":["12870","12891","12924","12926"],"bundle_stock_status":"instock","bundle_stock_quantity":null,"bundle_virtual":false,"bundle_layout":"","bundle_add_to_cart_form_location":"","bundle_editable_in_cart":false,"bundle_sold_individually_context":"","bundle_item_grouping":"","bundle_min_size":"","bundle_max_size":"","bundled_items":[],"bundle_sell_ids":[],"acf":[],"_links":{"self":[{"href":"https:\/\/malagagourmet.net\/fr\/wp-json\/wp\/v2\/product\/12626","targetHints":{"allow":["GET"]}}],"collection":[{"href":"https:\/\/malagagourmet.net\/fr\/wp-json\/wp\/v2\/product"}],"about":[{"href":"https:\/\/malagagourmet.net\/fr\/wp-json\/wp\/v2\/types\/product"}],"replies":[{"embeddable":true,"href":"https:\/\/malagagourmet.net\/fr\/wp-json\/wp\/v2\/comments?post=12626"}],"wp:featuredmedia":[{"embeddable":true,"href":"https:\/\/malagagourmet.net\/fr\/wp-json\/wp\/v2\/media\/11274"}],"wp:attachment":[{"href":"https:\/\/malagagourmet.net\/fr\/wp-json\/wp\/v2\/media?parent=12626"}],"wp:term":[{"taxonomy":"product_brand","embeddable":true,"href":"https:\/\/malagagourmet.net\/fr\/wp-json\/wp\/v2\/product_brand?post=12626"},{"taxonomy":"product_cat","embeddable":true,"href":"https:\/\/malagagourmet.net\/fr\/wp-json\/wp\/v2\/product_cat?post=12626"},{"taxonomy":"product_tag","embeddable":true,"href":"https:\/\/malagagourmet.net\/fr\/wp-json\/wp\/v2\/product_tag?post=12626"}],"curies":[{"name":"wp","href":"https:\/\/api.w.org\/{rel}","templated":true}]}}