{"id":12663,"date":"2020-11-15T15:58:15","date_gmt":"2020-11-15T15:58:15","guid":{"rendered":"https:\/\/malagagourmet.net\/simbuya-purple-gin\/"},"modified":"2021-08-15T16:45:08","modified_gmt":"2021-08-15T16:45:08","slug":"simbuya-purple-gin","status":"publish","type":"product","link":"https:\/\/malagagourmet.net\/fr\/simbuya-purple-gin\/","title":{"rendered":"Simbuya Purple Gin"},"content":{"rendered":"<h2><strong>Format<\/strong><\/h2>\n<p>700 ml<\/p>\n<h2><strong>Ingr\u00e9dients<\/strong><\/h2>\n<p>Bot\u00e1nicos: Salvia, Enebro, Ra\u00edz de Ang\u00e9lica, Coriandro, Cardamomo y Zanahoria Mor\u00e1. C\u00edtricos: Naranja, mandarina y lim\u00f3n.<\/p>\n<p><span style=\"font-weight: 400;\">Plantes botaniques : sauge, gen\u00e9vrier, racine d&rsquo;ang\u00e9lique, coriandre, cardamome et carotte <\/span><span style=\"font-weight: 400;\">violette<\/span><span style=\"font-weight: 400;\">. Agrumes : Orange, mandarine et citron.<\/span><\/p>\n<h2><strong>Degr\u00e9 d&rsquo;alcool<\/strong><\/h2>\n<p>37,5% Vol.<\/p>\n","protected":false},"excerpt":{"rendered":"<p>Format 700 ml Ingr\u00e9dients Bot\u00e1nicos: Salvia, Enebro, Ra\u00edz de Ang\u00e9lica, Coriandro, Cardamomo y Zanahoria Mor\u00e1. C\u00edtricos: Naranja, mandarina y lim\u00f3n. Plantes botaniques : sauge, gen\u00e9vrier, racine d&rsquo;ang\u00e9lique, coriandre, cardamome et carotte violette. Agrumes : Orange, mandarine et citron. Degr\u00e9 d&rsquo;alcool 37,5% Vol.<\/p>\n","protected":false},"featured_media":10375,"comment_status":"closed","ping_status":"closed","template":"","meta":{"_acf_changed":false,"_et_pb_use_builder":"","_et_pb_old_content":"","_et_gb_content_width":""},"product_brand":[],"product_cat":[144],"product_tag":[],"class_list":{"0":"post-12663","1":"product","2":"type-product","3":"status-publish","4":"has-post-thumbnail","6":"product_cat-liqueurs-fr","8":"first","9":"instock","10":"taxable","11":"shipping-taxable","12":"purchasable","13":"product-type-simple"},"bundled_by":["12883"],"bundle_stock_status":"instock","bundle_stock_quantity":2,"bundle_virtual":false,"bundle_layout":"","bundle_add_to_cart_form_location":"","bundle_editable_in_cart":false,"bundle_sold_individually_context":"","bundle_item_grouping":"","bundle_min_size":"","bundle_max_size":"","bundled_items":[],"bundle_sell_ids":[],"acf":[],"_links":{"self":[{"href":"https:\/\/malagagourmet.net\/fr\/wp-json\/wp\/v2\/product\/12663","targetHints":{"allow":["GET"]}}],"collection":[{"href":"https:\/\/malagagourmet.net\/fr\/wp-json\/wp\/v2\/product"}],"about":[{"href":"https:\/\/malagagourmet.net\/fr\/wp-json\/wp\/v2\/types\/product"}],"replies":[{"embeddable":true,"href":"https:\/\/malagagourmet.net\/fr\/wp-json\/wp\/v2\/comments?post=12663"}],"wp:featuredmedia":[{"embeddable":true,"href":"https:\/\/malagagourmet.net\/fr\/wp-json\/wp\/v2\/media\/10375"}],"wp:attachment":[{"href":"https:\/\/malagagourmet.net\/fr\/wp-json\/wp\/v2\/media?parent=12663"}],"wp:term":[{"taxonomy":"product_brand","embeddable":true,"href":"https:\/\/malagagourmet.net\/fr\/wp-json\/wp\/v2\/product_brand?post=12663"},{"taxonomy":"product_cat","embeddable":true,"href":"https:\/\/malagagourmet.net\/fr\/wp-json\/wp\/v2\/product_cat?post=12663"},{"taxonomy":"product_tag","embeddable":true,"href":"https:\/\/malagagourmet.net\/fr\/wp-json\/wp\/v2\/product_tag?post=12663"}],"curies":[{"name":"wp","href":"https:\/\/api.w.org\/{rel}","templated":true}]}}