{"id":12682,"date":"2020-11-15T12:13:19","date_gmt":"2020-11-15T12:13:19","guid":{"rendered":"https:\/\/malagagourmet.net\/miel-de-canne-a-sucre\/"},"modified":"2021-08-15T17:52:12","modified_gmt":"2021-08-15T17:52:12","slug":"miel-de-canne-a-sucre","status":"publish","type":"product","link":"https:\/\/malagagourmet.net\/fr\/miel-de-canne-a-sucre\/","title":{"rendered":"Miel de canne \u00e0 sucre"},"content":{"rendered":"<h2><strong>Format<\/strong><\/h2>\n<p>300 gr<\/p>\n<h2><strong>Ingr\u00e9dients<\/strong><\/h2>\n<p><span style=\"font-weight: 400;\">Jus de canne \u00e0 sucre concentr\u00e9 et acidifiant (acide citrique 0,33 g).<\/span><\/p>\n<h2><strong>Informations nutritionnelles par 100 g<\/strong><\/h2>\n<ul>\n<li><span style=\"font-weight: 400;\">Valeur \u00e9nerg\u00e9tique<\/span> 1214 Kj \/ 290 Kcal<\/li>\n<li><span style=\"font-weight: 400;\">Mati\u00e8res grasses<\/span> 0 g\n<ul>\n<li><span style=\"font-weight: 400;\">Mati\u00e8res grasses satur\u00e9es<\/span> 0 g<\/li>\n<\/ul>\n<\/li>\n<li><span style=\"font-weight: 400;\">Glucides<\/span> 75 g\n<ul>\n<li><span style=\"font-weight: 400;\">Sucres<\/span> 75 g<\/li>\n<\/ul>\n<\/li>\n<li><span style=\"font-weight: 400;\">Prot\u00e9ines <\/span>0 g<\/li>\n<li>Sel 0 g<\/li>\n<\/ul>\n","protected":false},"excerpt":{"rendered":"<p>Format 300 gr Ingr\u00e9dients Jus de canne \u00e0 sucre concentr\u00e9 et acidifiant (acide citrique 0,33 g). Informations nutritionnelles par 100 g Valeur \u00e9nerg\u00e9tique 1214 Kj \/ 290 Kcal Mati\u00e8res grasses 0 g Mati\u00e8res grasses satur\u00e9es 0 g Glucides 75 g Sucres 75 g Prot\u00e9ines 0 g Sel 0 g<\/p>\n","protected":false},"featured_media":10037,"comment_status":"open","ping_status":"closed","template":"","meta":{"_acf_changed":false,"_et_pb_use_builder":"","_et_pb_old_content":"","_et_gb_content_width":""},"product_brand":[],"product_cat":[],"product_tag":[],"class_list":{"0":"post-12682","1":"product","2":"type-product","3":"status-publish","4":"has-post-thumbnail","7":"first","8":"instock","9":"featured","10":"taxable","11":"shipping-taxable","12":"purchasable","13":"product-type-simple"},"bundled_by":["12891"],"bundle_stock_status":"instock","bundle_stock_quantity":5,"bundle_virtual":false,"bundle_layout":"","bundle_add_to_cart_form_location":"","bundle_editable_in_cart":false,"bundle_sold_individually_context":"","bundle_item_grouping":"","bundle_min_size":"","bundle_max_size":"","bundled_items":[],"bundle_sell_ids":[],"acf":[],"_links":{"self":[{"href":"https:\/\/malagagourmet.net\/fr\/wp-json\/wp\/v2\/product\/12682","targetHints":{"allow":["GET"]}}],"collection":[{"href":"https:\/\/malagagourmet.net\/fr\/wp-json\/wp\/v2\/product"}],"about":[{"href":"https:\/\/malagagourmet.net\/fr\/wp-json\/wp\/v2\/types\/product"}],"replies":[{"embeddable":true,"href":"https:\/\/malagagourmet.net\/fr\/wp-json\/wp\/v2\/comments?post=12682"}],"wp:featuredmedia":[{"embeddable":true,"href":"https:\/\/malagagourmet.net\/fr\/wp-json\/wp\/v2\/media\/10037"}],"wp:attachment":[{"href":"https:\/\/malagagourmet.net\/fr\/wp-json\/wp\/v2\/media?parent=12682"}],"wp:term":[{"taxonomy":"product_brand","embeddable":true,"href":"https:\/\/malagagourmet.net\/fr\/wp-json\/wp\/v2\/product_brand?post=12682"},{"taxonomy":"product_cat","embeddable":true,"href":"https:\/\/malagagourmet.net\/fr\/wp-json\/wp\/v2\/product_cat?post=12682"},{"taxonomy":"product_tag","embeddable":true,"href":"https:\/\/malagagourmet.net\/fr\/wp-json\/wp\/v2\/product_tag?post=12682"}],"curies":[{"name":"wp","href":"https:\/\/api.w.org\/{rel}","templated":true}]}}