{"id":12784,"date":"2020-11-15T16:19:39","date_gmt":"2020-11-15T16:19:39","guid":{"rendered":"https:\/\/malagagourmet.net\/vin-rediel-blanc\/"},"modified":"2021-08-21T16:20:54","modified_gmt":"2021-08-21T16:20:54","slug":"vin-rediel-blanc","status":"publish","type":"product","link":"https:\/\/malagagourmet.net\/fr\/vin-rediel-blanc\/","title":{"rendered":"Vin Rediel Blanc"},"content":{"rendered":"<h2><strong>Format<\/strong><\/h2>\n<p>750 ml<\/p>\n<h2><strong>Vari\u00e9t\u00e9<\/strong><\/h2>\n<p>Moscatel morisco (70%), Pedro Ximenez (20%), Doradilla (10%).<\/p>\n<h2><strong>Degr\u00e9 d&rsquo;alcool<\/strong><\/h2>\n<p>12,5% Vol.<\/p>\n","protected":false},"excerpt":{"rendered":"<p>Format 750 ml Vari\u00e9t\u00e9 Moscatel morisco (70%), Pedro Ximenez (20%), Doradilla (10%). Degr\u00e9 d&rsquo;alcool 12,5% Vol.<\/p>\n","protected":false},"featured_media":10397,"comment_status":"closed","ping_status":"closed","template":"","meta":{"_acf_changed":false,"_et_pb_use_builder":"","_et_pb_old_content":"","_et_gb_content_width":""},"product_brand":[],"product_cat":[187,146],"product_tag":[],"class_list":{"0":"post-12784","1":"product","2":"type-product","3":"status-publish","4":"has-post-thumbnail","6":"product_cat-blanc","7":"product_cat-vins","9":"first","10":"instock","11":"sale","12":"taxable","13":"shipping-taxable","14":"purchasable","15":"product-type-variable"},"bundled_by":[],"bundle_stock_status":"instock","bundle_stock_quantity":9,"bundle_virtual":false,"bundle_layout":"","bundle_add_to_cart_form_location":"","bundle_editable_in_cart":false,"bundle_sold_individually_context":"","bundle_item_grouping":"","bundle_min_size":"","bundle_max_size":"","bundled_items":[],"bundle_sell_ids":[],"acf":[],"_links":{"self":[{"href":"https:\/\/malagagourmet.net\/fr\/wp-json\/wp\/v2\/product\/12784","targetHints":{"allow":["GET"]}}],"collection":[{"href":"https:\/\/malagagourmet.net\/fr\/wp-json\/wp\/v2\/product"}],"about":[{"href":"https:\/\/malagagourmet.net\/fr\/wp-json\/wp\/v2\/types\/product"}],"replies":[{"embeddable":true,"href":"https:\/\/malagagourmet.net\/fr\/wp-json\/wp\/v2\/comments?post=12784"}],"wp:featuredmedia":[{"embeddable":true,"href":"https:\/\/malagagourmet.net\/fr\/wp-json\/wp\/v2\/media\/10397"}],"wp:attachment":[{"href":"https:\/\/malagagourmet.net\/fr\/wp-json\/wp\/v2\/media?parent=12784"}],"wp:term":[{"taxonomy":"product_brand","embeddable":true,"href":"https:\/\/malagagourmet.net\/fr\/wp-json\/wp\/v2\/product_brand?post=12784"},{"taxonomy":"product_cat","embeddable":true,"href":"https:\/\/malagagourmet.net\/fr\/wp-json\/wp\/v2\/product_cat?post=12784"},{"taxonomy":"product_tag","embeddable":true,"href":"https:\/\/malagagourmet.net\/fr\/wp-json\/wp\/v2\/product_tag?post=12784"}],"curies":[{"name":"wp","href":"https:\/\/api.w.org\/{rel}","templated":true}]}}