{"id":12823,"date":"2020-11-18T08:40:05","date_gmt":"2020-11-18T08:40:05","guid":{"rendered":"https:\/\/malagagourmet.net\/vin-botani-muscat\/"},"modified":"2022-01-17T16:11:11","modified_gmt":"2022-01-17T16:11:11","slug":"vin-botani-muscat","status":"publish","type":"product","link":"https:\/\/malagagourmet.net\/fr\/vin-botani-muscat\/","title":{"rendered":"Vin Botani Muscat"},"content":{"rendered":"<h2><strong>Format<\/strong><\/h2>\n<p>750 ml<\/p>\n<h2><strong>Vari\u00e9t\u00e9<\/strong><\/h2>\n<p>100% Moscatel de Alejandr\u00eda.<\/p>\n<h2><strong>Degr\u00e9 d&rsquo;alcool<\/strong><\/h2>\n<p>10% Vol.<\/p>\n","protected":false},"excerpt":{"rendered":"<p>Format 750 ml Vari\u00e9t\u00e9 100% Moscatel de Alejandr\u00eda. Degr\u00e9 d&rsquo;alcool 10% Vol.<\/p>\n","protected":false},"featured_media":11082,"comment_status":"closed","ping_status":"closed","template":"","meta":{"_acf_changed":false,"_et_pb_use_builder":"","_et_pb_old_content":"","_et_gb_content_width":""},"product_brand":[],"product_cat":[189,146],"product_tag":[],"class_list":{"0":"post-12823","1":"product","2":"type-product","3":"status-publish","4":"has-post-thumbnail","6":"product_cat-mousseux","7":"product_cat-vins","9":"first","10":"instock","11":"taxable","12":"shipping-taxable","13":"purchasable","14":"product-type-variable"},"bundled_by":["12867"],"bundle_stock_status":"instock","bundle_stock_quantity":8,"bundle_virtual":false,"bundle_layout":"","bundle_add_to_cart_form_location":"","bundle_editable_in_cart":false,"bundle_sold_individually_context":"","bundle_item_grouping":"","bundle_min_size":"","bundle_max_size":"","bundled_items":[],"bundle_sell_ids":[],"acf":[],"_links":{"self":[{"href":"https:\/\/malagagourmet.net\/fr\/wp-json\/wp\/v2\/product\/12823","targetHints":{"allow":["GET"]}}],"collection":[{"href":"https:\/\/malagagourmet.net\/fr\/wp-json\/wp\/v2\/product"}],"about":[{"href":"https:\/\/malagagourmet.net\/fr\/wp-json\/wp\/v2\/types\/product"}],"replies":[{"embeddable":true,"href":"https:\/\/malagagourmet.net\/fr\/wp-json\/wp\/v2\/comments?post=12823"}],"wp:featuredmedia":[{"embeddable":true,"href":"https:\/\/malagagourmet.net\/fr\/wp-json\/wp\/v2\/media\/11082"}],"wp:attachment":[{"href":"https:\/\/malagagourmet.net\/fr\/wp-json\/wp\/v2\/media?parent=12823"}],"wp:term":[{"taxonomy":"product_brand","embeddable":true,"href":"https:\/\/malagagourmet.net\/fr\/wp-json\/wp\/v2\/product_brand?post=12823"},{"taxonomy":"product_cat","embeddable":true,"href":"https:\/\/malagagourmet.net\/fr\/wp-json\/wp\/v2\/product_cat?post=12823"},{"taxonomy":"product_tag","embeddable":true,"href":"https:\/\/malagagourmet.net\/fr\/wp-json\/wp\/v2\/product_tag?post=12823"}],"curies":[{"name":"wp","href":"https:\/\/api.w.org\/{rel}","templated":true}]}}