{"id":12842,"date":"2020-12-14T10:16:09","date_gmt":"2020-12-14T10:16:09","guid":{"rendered":"https:\/\/malagagourmet.net\/confiture-de-gin-tonic\/"},"modified":"2021-08-15T17:16:12","modified_gmt":"2021-08-15T17:16:12","slug":"confiture-de-gin-tonic","status":"publish","type":"product","link":"https:\/\/malagagourmet.net\/fr\/confiture-de-gin-tonic\/","title":{"rendered":"Confiture de Gin tonic"},"content":{"rendered":"<h2><strong>Format<\/strong><\/h2>\n<p>225 g<\/p>\n<h2><strong>Ingr\u00e9dients<\/strong><\/h2>\n<p><span style=\"font-weight: 400;\">Gin, tonic, sucre, \u00e9pices et agar. <\/span><span style=\"font-weight: 400;\">Degr\u00e9 d&rsquo;alcool <\/span><span style=\"font-weight: 400;\">: 1,8% Vol.<\/span><\/p>\n<h2><strong>Informations nutritionnelles par 100 g<\/strong><\/h2>\n<ul>\n<li><span style=\"font-weight: 400;\">Valeur \u00e9nerg\u00e9tique<\/span> 837 Kj \/197 Kcal<\/li>\n<li><span style=\"font-weight: 400;\">Mati\u00e8res grasses<\/span> &lt;0,1 g<\/li>\n<li><span style=\"font-weight: 400;\">Mati\u00e8res grasses satur\u00e9es<\/span>\u00a0&lt;0,1 g<\/li>\n<li><span style=\"font-weight: 400;\">Glucides<\/span> 46,6 g<\/li>\n<li><span style=\"font-weight: 400;\">Sucres<\/span> 44,41 g<\/li>\n<li><span style=\"font-weight: 400;\">Prot\u00e9ines<\/span> 0,1 g<\/li>\n<li>Sel 0,0145 g<\/li>\n<\/ul>\n","protected":false},"excerpt":{"rendered":"<p>Format 225 g Ingr\u00e9dients Gin, tonic, sucre, \u00e9pices et agar. Degr\u00e9 d&rsquo;alcool : 1,8% Vol. Informations nutritionnelles par 100 g Valeur \u00e9nerg\u00e9tique 837 Kj \/197 Kcal Mati\u00e8res grasses &lt;0,1 g Mati\u00e8res grasses satur\u00e9es\u00a0&lt;0,1 g Glucides 46,6 g Sucres 44,41 g Prot\u00e9ines 0,1 g Sel 0,0145 g<\/p>\n","protected":false},"featured_media":10012,"comment_status":"closed","ping_status":"closed","template":"","meta":{"_acf_changed":false,"_et_pb_use_builder":"","_et_pb_old_content":"","_et_gb_content_width":""},"product_brand":[],"product_cat":[145],"product_tag":[],"class_list":{"0":"post-12842","1":"product","2":"type-product","3":"status-publish","4":"has-post-thumbnail","6":"product_cat-confitures-et-miels","8":"first","9":"outofstock","10":"taxable","11":"shipping-taxable","12":"purchasable","13":"product-type-simple"},"bundled_by":[],"bundle_stock_status":"outofstock","bundle_stock_quantity":0,"bundle_virtual":false,"bundle_layout":"","bundle_add_to_cart_form_location":"","bundle_editable_in_cart":false,"bundle_sold_individually_context":"","bundle_item_grouping":"","bundle_min_size":"","bundle_max_size":"","bundled_items":[],"bundle_sell_ids":[],"acf":[],"_links":{"self":[{"href":"https:\/\/malagagourmet.net\/fr\/wp-json\/wp\/v2\/product\/12842","targetHints":{"allow":["GET"]}}],"collection":[{"href":"https:\/\/malagagourmet.net\/fr\/wp-json\/wp\/v2\/product"}],"about":[{"href":"https:\/\/malagagourmet.net\/fr\/wp-json\/wp\/v2\/types\/product"}],"replies":[{"embeddable":true,"href":"https:\/\/malagagourmet.net\/fr\/wp-json\/wp\/v2\/comments?post=12842"}],"wp:featuredmedia":[{"embeddable":true,"href":"https:\/\/malagagourmet.net\/fr\/wp-json\/wp\/v2\/media\/10012"}],"wp:attachment":[{"href":"https:\/\/malagagourmet.net\/fr\/wp-json\/wp\/v2\/media?parent=12842"}],"wp:term":[{"taxonomy":"product_brand","embeddable":true,"href":"https:\/\/malagagourmet.net\/fr\/wp-json\/wp\/v2\/product_brand?post=12842"},{"taxonomy":"product_cat","embeddable":true,"href":"https:\/\/malagagourmet.net\/fr\/wp-json\/wp\/v2\/product_cat?post=12842"},{"taxonomy":"product_tag","embeddable":true,"href":"https:\/\/malagagourmet.net\/fr\/wp-json\/wp\/v2\/product_tag?post=12842"}],"curies":[{"name":"wp","href":"https:\/\/api.w.org\/{rel}","templated":true}]}}