{"id":12847,"date":"2021-02-09T10:01:45","date_gmt":"2021-02-09T10:01:45","guid":{"rendered":"https:\/\/malagagourmet.net\/coin-de-fromage-semi-affine-au-romarin\/"},"modified":"2021-08-17T09:26:46","modified_gmt":"2021-08-17T09:26:46","slug":"coin-de-fromage-semi-affine-au-romarin","status":"publish","type":"product","link":"https:\/\/malagagourmet.net\/fr\/coin-de-fromage-semi-affine-au-romarin\/","title":{"rendered":"Coin de fromage semi-affin\u00e9 au romarin"},"content":{"rendered":"<h2><strong>Format<\/strong><\/h2>\n<p>0,300 kg<\/p>\n<h2><strong>Ingr\u00e9dients<\/strong><\/h2>\n<p><span style=\"font-weight: 400;\">Lait de ch\u00e8vre pasteuris\u00e9, ferments lactiques, lysozyme (d\u00e9riv\u00e9 d&rsquo;\u0153ufs), chlorure de calcium, pr\u00e9sure, sel, thym. Il y a aussi du beurre ib\u00e9rique pour coller le romarin.<\/span><\/p>\n<p><span style=\"font-weight: 400;\">Maturation : 21 \u00e0 30 jours.<\/span><\/p>\n<h2><strong>Informations nutritionnelles par 100 g<\/strong><\/h2>\n<ul>\n<li><span style=\"font-weight: 400;\">Valeur \u00e9nerg\u00e9tique<\/span> 387 Kcal \/ 1653 Kj<\/li>\n<li><span style=\"font-weight: 400;\">Mati\u00e8res grasses<\/span> 32,0 g<\/li>\n<li><span style=\"font-weight: 400;\">Mati\u00e8res grasses satur\u00e9es<\/span> 22,3 g<\/li>\n<li><span style=\"font-weight: 400;\">Glucides<\/span> 1,36 g<\/li>\n<li><span style=\"font-weight: 400;\">Sucres<\/span> 1,26 g<\/li>\n<li><span style=\"font-weight: 400;\">Prot\u00e9ines <\/span>\u00a025,5 g<\/li>\n<li>Sel 0,94 g<\/li>\n<\/ul>\n","protected":false},"excerpt":{"rendered":"<p>Format 0,300 kg Ingr\u00e9dients Lait de ch\u00e8vre pasteuris\u00e9, ferments lactiques, lysozyme (d\u00e9riv\u00e9 d&rsquo;\u0153ufs), chlorure de calcium, pr\u00e9sure, sel, thym. Il y a aussi du beurre ib\u00e9rique pour coller le romarin. Maturation : 21 \u00e0 30 jours. Informations nutritionnelles par 100 g Valeur \u00e9nerg\u00e9tique 387 Kcal \/ 1653 Kj Mati\u00e8res grasses 32,0 g Mati\u00e8res grasses satur\u00e9es [&hellip;]<\/p>\n","protected":false},"featured_media":10547,"comment_status":"closed","ping_status":"closed","template":"","meta":{"_acf_changed":false,"_et_pb_use_builder":"","_et_pb_old_content":"","_et_gb_content_width":""},"product_brand":[],"product_cat":[143],"product_tag":[],"class_list":{"0":"post-12847","1":"product","2":"type-product","3":"status-publish","4":"has-post-thumbnail","6":"product_cat-fromages","8":"first","9":"instock","10":"taxable","11":"shipping-taxable","12":"purchasable","13":"product-type-variable"},"bundled_by":["12901","12877"],"bundle_stock_status":"instock","bundle_stock_quantity":4,"bundle_virtual":false,"bundle_layout":"","bundle_add_to_cart_form_location":"","bundle_editable_in_cart":false,"bundle_sold_individually_context":"","bundle_item_grouping":"","bundle_min_size":"","bundle_max_size":"","bundled_items":[],"bundle_sell_ids":[],"acf":[],"_links":{"self":[{"href":"https:\/\/malagagourmet.net\/fr\/wp-json\/wp\/v2\/product\/12847","targetHints":{"allow":["GET"]}}],"collection":[{"href":"https:\/\/malagagourmet.net\/fr\/wp-json\/wp\/v2\/product"}],"about":[{"href":"https:\/\/malagagourmet.net\/fr\/wp-json\/wp\/v2\/types\/product"}],"replies":[{"embeddable":true,"href":"https:\/\/malagagourmet.net\/fr\/wp-json\/wp\/v2\/comments?post=12847"}],"wp:featuredmedia":[{"embeddable":true,"href":"https:\/\/malagagourmet.net\/fr\/wp-json\/wp\/v2\/media\/10547"}],"wp:attachment":[{"href":"https:\/\/malagagourmet.net\/fr\/wp-json\/wp\/v2\/media?parent=12847"}],"wp:term":[{"taxonomy":"product_brand","embeddable":true,"href":"https:\/\/malagagourmet.net\/fr\/wp-json\/wp\/v2\/product_brand?post=12847"},{"taxonomy":"product_cat","embeddable":true,"href":"https:\/\/malagagourmet.net\/fr\/wp-json\/wp\/v2\/product_cat?post=12847"},{"taxonomy":"product_tag","embeddable":true,"href":"https:\/\/malagagourmet.net\/fr\/wp-json\/wp\/v2\/product_tag?post=12847"}],"curies":[{"name":"wp","href":"https:\/\/api.w.org\/{rel}","templated":true}]}}