{"id":12860,"date":"2021-05-07T11:50:05","date_gmt":"2021-05-07T11:50:05","guid":{"rendered":"https:\/\/malagagourmet.net\/fromage-de-chevre-affine-a-lhuile-dolive-vierge-extra\/"},"modified":"2021-08-16T11:49:14","modified_gmt":"2021-08-16T11:49:14","slug":"fromage-de-chevre-affine-a-lhuile-dolive-vierge-extra","status":"publish","type":"product","link":"https:\/\/malagagourmet.net\/fr\/fromage-de-chevre-affine-a-lhuile-dolive-vierge-extra\/","title":{"rendered":"Fromage de ch\u00e8vre affin\u00e9 a l&rsquo;huile d&rsquo;olive vierge extra"},"content":{"rendered":"<h2>Format<\/h2>\n<p>500 g<\/p>\n<p><span style=\"font-weight: 400;\">* Le poids peut varier car il s&rsquo;agit d&rsquo;un produit enti\u00e8rement fait main.<\/span><\/p>\n<h2><strong>Ingr\u00e9dients<\/strong><\/h2>\n<p><span style=\"font-weight: 400;\">Lait de ch\u00e8vre pasteuris\u00e9, ferments lactiques, lysozyme (d\u00e9riv\u00e9 d&rsquo;\u0153ufs), chlorure de calcium, pr\u00e9sure, sel et huile d&rsquo;olive extra vierge.<\/span><\/p>\n<h2><strong>Informations nutritionnelles par 100 g<\/strong><\/h2>\n<ul>\n<li><span style=\"font-weight: 400;\">Valeur \u00e9nerg\u00e9tique<\/span> 387 Kcal \/ 1653 Kj<\/li>\n<li><span style=\"font-weight: 400;\">Mati\u00e8res grasses<\/span> 31,46 g<\/li>\n<li><span style=\"font-weight: 400;\">Mati\u00e8res grasses satur\u00e9es <\/span>22,29 g<\/li>\n<li><span style=\"font-weight: 400;\">Glucides<\/span> 1,3 g<\/li>\n<li><span style=\"font-weight: 400;\">Sucres<\/span> 1 g<\/li>\n<li><span style=\"font-weight: 400;\">Prot\u00e9ines<\/span> 24,8 g<\/li>\n<li>Sel 1,8 g<\/li>\n<\/ul>\n","protected":false},"excerpt":{"rendered":"<p>Format 500 g * Le poids peut varier car il s&rsquo;agit d&rsquo;un produit enti\u00e8rement fait main. Ingr\u00e9dients Lait de ch\u00e8vre pasteuris\u00e9, ferments lactiques, lysozyme (d\u00e9riv\u00e9 d&rsquo;\u0153ufs), chlorure de calcium, pr\u00e9sure, sel et huile d&rsquo;olive extra vierge. Informations nutritionnelles par 100 g Valeur \u00e9nerg\u00e9tique 387 Kcal \/ 1653 Kj Mati\u00e8res grasses 31,46 g Mati\u00e8res grasses satur\u00e9es [&hellip;]<\/p>\n","protected":false},"featured_media":12022,"comment_status":"closed","ping_status":"closed","template":"","meta":{"_acf_changed":false,"_et_pb_use_builder":"","_et_pb_old_content":"","_et_gb_content_width":""},"product_brand":[],"product_cat":[143],"product_tag":[],"class_list":{"0":"post-12860","1":"product","2":"type-product","3":"status-publish","4":"has-post-thumbnail","6":"product_cat-fromages","8":"first","9":"instock","10":"taxable","11":"shipping-taxable","12":"purchasable","13":"product-type-simple"},"bundled_by":["12870"],"bundle_stock_status":"instock","bundle_stock_quantity":4,"bundle_virtual":false,"bundle_layout":"","bundle_add_to_cart_form_location":"","bundle_editable_in_cart":false,"bundle_sold_individually_context":"","bundle_item_grouping":"","bundle_min_size":"","bundle_max_size":"","bundled_items":[],"bundle_sell_ids":[],"acf":[],"_links":{"self":[{"href":"https:\/\/malagagourmet.net\/fr\/wp-json\/wp\/v2\/product\/12860","targetHints":{"allow":["GET"]}}],"collection":[{"href":"https:\/\/malagagourmet.net\/fr\/wp-json\/wp\/v2\/product"}],"about":[{"href":"https:\/\/malagagourmet.net\/fr\/wp-json\/wp\/v2\/types\/product"}],"replies":[{"embeddable":true,"href":"https:\/\/malagagourmet.net\/fr\/wp-json\/wp\/v2\/comments?post=12860"}],"wp:featuredmedia":[{"embeddable":true,"href":"https:\/\/malagagourmet.net\/fr\/wp-json\/wp\/v2\/media\/12022"}],"wp:attachment":[{"href":"https:\/\/malagagourmet.net\/fr\/wp-json\/wp\/v2\/media?parent=12860"}],"wp:term":[{"taxonomy":"product_brand","embeddable":true,"href":"https:\/\/malagagourmet.net\/fr\/wp-json\/wp\/v2\/product_brand?post=12860"},{"taxonomy":"product_cat","embeddable":true,"href":"https:\/\/malagagourmet.net\/fr\/wp-json\/wp\/v2\/product_cat?post=12860"},{"taxonomy":"product_tag","embeddable":true,"href":"https:\/\/malagagourmet.net\/fr\/wp-json\/wp\/v2\/product_tag?post=12860"}],"curies":[{"name":"wp","href":"https:\/\/api.w.org\/{rel}","templated":true}]}}