{"id":12865,"date":"2021-05-18T15:24:40","date_gmt":"2021-05-18T15:24:40","guid":{"rendered":"https:\/\/malagagourmet.net\/vin-rouge-de-sedella-2017\/"},"modified":"2021-08-21T16:15:27","modified_gmt":"2021-08-21T16:15:27","slug":"vin-rouge-de-sedella-2017","status":"publish","type":"product","link":"https:\/\/malagagourmet.net\/fr\/vin-rouge-de-sedella-2017\/","title":{"rendered":"Vin Rouge de Sedella 2017"},"content":{"rendered":"<h2><strong>Format<\/strong><\/h2>\n<p>750 ml<\/p>\n<h2><span style=\"font-weight: 400;\"><strong>Vari\u00e9t\u00e9<\/strong> <\/span><\/h2>\n<p>Rom\u00e9, Garnacha<\/p>\n<h2><strong>Degr\u00e9 d&rsquo;alcool<\/strong><\/h2>\n<p>13,5 % Vol.<\/p>\n","protected":false},"excerpt":{"rendered":"<p>Format 750 ml Vari\u00e9t\u00e9 Rom\u00e9, Garnacha Degr\u00e9 d&rsquo;alcool 13,5 % Vol.<\/p>\n","protected":false},"featured_media":12074,"comment_status":"closed","ping_status":"closed","template":"","meta":{"_acf_changed":false,"_et_pb_use_builder":"","_et_pb_old_content":"","_et_gb_content_width":""},"product_brand":[],"product_cat":[190,146],"product_tag":[],"class_list":{"0":"post-12865","1":"product","2":"type-product","3":"status-publish","4":"has-post-thumbnail","6":"product_cat-rouge","7":"product_cat-vins","9":"first","10":"instock","11":"taxable","12":"shipping-taxable","13":"purchasable","14":"product-type-variable"},"bundled_by":[],"bundle_stock_status":"instock","bundle_stock_quantity":8,"bundle_virtual":false,"bundle_layout":"","bundle_add_to_cart_form_location":"","bundle_editable_in_cart":false,"bundle_sold_individually_context":"","bundle_item_grouping":"","bundle_min_size":"","bundle_max_size":"","bundled_items":[],"bundle_sell_ids":[],"acf":[],"_links":{"self":[{"href":"https:\/\/malagagourmet.net\/fr\/wp-json\/wp\/v2\/product\/12865","targetHints":{"allow":["GET"]}}],"collection":[{"href":"https:\/\/malagagourmet.net\/fr\/wp-json\/wp\/v2\/product"}],"about":[{"href":"https:\/\/malagagourmet.net\/fr\/wp-json\/wp\/v2\/types\/product"}],"replies":[{"embeddable":true,"href":"https:\/\/malagagourmet.net\/fr\/wp-json\/wp\/v2\/comments?post=12865"}],"wp:featuredmedia":[{"embeddable":true,"href":"https:\/\/malagagourmet.net\/fr\/wp-json\/wp\/v2\/media\/12074"}],"wp:attachment":[{"href":"https:\/\/malagagourmet.net\/fr\/wp-json\/wp\/v2\/media?parent=12865"}],"wp:term":[{"taxonomy":"product_brand","embeddable":true,"href":"https:\/\/malagagourmet.net\/fr\/wp-json\/wp\/v2\/product_brand?post=12865"},{"taxonomy":"product_cat","embeddable":true,"href":"https:\/\/malagagourmet.net\/fr\/wp-json\/wp\/v2\/product_cat?post=12865"},{"taxonomy":"product_tag","embeddable":true,"href":"https:\/\/malagagourmet.net\/fr\/wp-json\/wp\/v2\/product_tag?post=12865"}],"curies":[{"name":"wp","href":"https:\/\/api.w.org\/{rel}","templated":true}]}}