{"id":13755,"date":"2021-05-05T10:34:40","date_gmt":"2021-05-05T10:34:40","guid":{"rendered":"https:\/\/malagagourmet.net\/confiture-de-kumquat\/"},"modified":"2021-08-15T17:09:19","modified_gmt":"2021-08-15T17:09:19","slug":"confiture-de-kumquat","status":"publish","type":"product","link":"https:\/\/malagagourmet.net\/fr\/confiture-de-kumquat\/","title":{"rendered":"Confiture de kumquat"},"content":{"rendered":"<h2><strong>Format<\/strong><\/h2>\n<p>280 g<\/p>\n<h2><strong>Ingr\u00e9dients<\/strong><\/h2>\n<p><span style=\"font-weight: 400;\">Kumquat (62%), sucre (28%) et jus d&rsquo;orange (10%)<\/span><\/p>\n<h2><strong>Informations nutritionnelles par 100 g<\/strong><\/h2>\n<ul>\n<li><span style=\"font-weight: 400;\">Valeur \u00e9nerg\u00e9tique<\/span> 971 kj\/ 229 kcal<\/li>\n<li><span style=\"font-weight: 400;\">Mati\u00e8res grasses<\/span> 0,53 g;<\/li>\n<li><span style=\"font-weight: 400;\">Mati\u00e8res grasses satur\u00e9es<\/span> 0,11 g<\/li>\n<li><span style=\"font-weight: 400;\">Glucides <\/span>53,90<\/li>\n<li><span style=\"font-weight: 400;\">Sucres<\/span> 47,40 g<\/li>\n<li>Fibre 2,50 g<\/li>\n<li><span style=\"font-weight: 400;\">Prot\u00e9ines<\/span> 0,91 g<\/li>\n<li>Sel &lt;0,01 g<\/li>\n<\/ul>\n","protected":false},"excerpt":{"rendered":"<p>Format 280 g Ingr\u00e9dients Kumquat (62%), sucre (28%) et jus d&rsquo;orange (10%) Informations nutritionnelles par 100 g Valeur \u00e9nerg\u00e9tique 971 kj\/ 229 kcal Mati\u00e8res grasses 0,53 g; Mati\u00e8res grasses satur\u00e9es 0,11 g Glucides 53,90 Sucres 47,40 g Fibre 2,50 g Prot\u00e9ines 0,91 g Sel &lt;0,01 g<\/p>\n","protected":false},"featured_media":11767,"comment_status":"closed","ping_status":"closed","template":"","meta":{"_acf_changed":false,"_et_pb_use_builder":"","_et_pb_old_content":"","_et_gb_content_width":""},"product_brand":[],"product_cat":[145],"product_tag":[],"class_list":{"0":"post-13755","1":"product","2":"type-product","3":"status-publish","4":"has-post-thumbnail","6":"product_cat-confitures-et-miels","8":"first","9":"instock","10":"taxable","11":"shipping-taxable","12":"purchasable","13":"product-type-simple"},"bundled_by":[],"bundle_stock_status":"instock","bundle_stock_quantity":1,"bundle_virtual":false,"bundle_layout":"","bundle_add_to_cart_form_location":"","bundle_editable_in_cart":false,"bundle_sold_individually_context":"","bundle_item_grouping":"","bundle_min_size":"","bundle_max_size":"","bundled_items":[],"bundle_sell_ids":[],"acf":[],"_links":{"self":[{"href":"https:\/\/malagagourmet.net\/fr\/wp-json\/wp\/v2\/product\/13755","targetHints":{"allow":["GET"]}}],"collection":[{"href":"https:\/\/malagagourmet.net\/fr\/wp-json\/wp\/v2\/product"}],"about":[{"href":"https:\/\/malagagourmet.net\/fr\/wp-json\/wp\/v2\/types\/product"}],"replies":[{"embeddable":true,"href":"https:\/\/malagagourmet.net\/fr\/wp-json\/wp\/v2\/comments?post=13755"}],"wp:featuredmedia":[{"embeddable":true,"href":"https:\/\/malagagourmet.net\/fr\/wp-json\/wp\/v2\/media\/11767"}],"wp:attachment":[{"href":"https:\/\/malagagourmet.net\/fr\/wp-json\/wp\/v2\/media?parent=13755"}],"wp:term":[{"taxonomy":"product_brand","embeddable":true,"href":"https:\/\/malagagourmet.net\/fr\/wp-json\/wp\/v2\/product_brand?post=13755"},{"taxonomy":"product_cat","embeddable":true,"href":"https:\/\/malagagourmet.net\/fr\/wp-json\/wp\/v2\/product_cat?post=13755"},{"taxonomy":"product_tag","embeddable":true,"href":"https:\/\/malagagourmet.net\/fr\/wp-json\/wp\/v2\/product_tag?post=13755"}],"curies":[{"name":"wp","href":"https:\/\/api.w.org\/{rel}","templated":true}]}}